
{"id":5230,"date":"2021-02-17T14:03:44","date_gmt":"2021-04-04T18:36:27","guid":{"rendered":"https:\/\/estonianmusic.com\/toode\/lastelaulud-fonogrammidega-cd\/"},"modified":"2021-04-04T18:36:27","modified_gmt":"2021-04-04T18:36:27","slug":"lastelaulud-fonogrammidega-cd-2","status":"publish","type":"product","link":"https:\/\/estonianmusic.com\/en\/toode\/lastelaulud-fonogrammidega-cd-2\/","title":{"rendered":"Lastelaulud fonogrammidega +cd"},"content":{"rendered":"","protected":false},"excerpt":{"rendered":"<p><strong>Sisu:<br \/>\n<\/strong>1. Eesti kaart<br \/>\n2. P\u00e4rg<br \/>\n3. Samblal\u00f5hnaline laul<br \/>\n4. Juuksuri juures<br \/>\n5. L\u00e4bi \u00f6\u00f6<br \/>\n6. Pimedus<br \/>\n7. J\u00f5ulu ootel<br \/>\n8. Tasuta<br \/>\n9. Kodu<br \/>\n10. Tihane<br \/>\n11. Lumelaul<br \/>\n12. Kui laulab \u00f6\u00f6bik<\/p>\n<p>Kaanekujundaja <em>Kirke Kangro<br \/>\n<\/em>Noodigraafik <em>Mari Amor<\/em><br \/>\nToimetaja <em>Katrin Puur<\/em><br \/>\n<em>Formaat A5, 29 lk.<\/em><\/p>\n","protected":false},"featured_media":2853,"template":"","meta":{"_et_pb_use_builder":"","_et_pb_old_content":"","_et_gb_content_width":"","spay_email":""},"_links":{"self":[{"href":"https:\/\/estonianmusic.com\/en\/wp-json\/wp\/v2\/product\/5230"}],"collection":[{"href":"https:\/\/estonianmusic.com\/en\/wp-json\/wp\/v2\/product"}],"about":[{"href":"https:\/\/estonianmusic.com\/en\/wp-json\/wp\/v2\/types\/product"}],"wp:featuredmedia":[{"embeddable":true,"href":"https:\/\/estonianmusic.com\/en\/wp-json\/wp\/v2\/media\/2853"}],"wp:attachment":[{"href":"https:\/\/estonianmusic.com\/en\/wp-json\/wp\/v2\/media?parent=5230"}],"curies":[{"name":"wp","href":"https:\/\/api.w.org\/{rel}","templated":true}]}}