
{"id":5219,"date":"2021-02-11T10:44:24","date_gmt":"2021-04-04T17:55:57","guid":{"rendered":"https:\/\/estonianmusic.com\/toode\/strand-rand-cd\/"},"modified":"2021-04-04T17:55:57","modified_gmt":"2021-04-04T17:55:57","slug":"strand-rand-cd-2","status":"publish","type":"product","link":"https:\/\/estonianmusic.com\/en\/toode\/strand-rand-cd-2\/","title":{"rendered":"Strand&#8230;Rand (CD)"},"content":{"rendered":"","protected":false},"excerpt":{"rendered":"<p>Sofia Joons &#8211; laul, viiul, hiiu kannel; Emma H\u00e4rdelin &#8211; laul; Meelika Hainsoo &#8211; laul, viiul, hiiukannel<br \/>\nCD eestirootsi ehk rannarootsi lugudega. Sofia Joons esivanemate kodumaale naasnud rootsieestlasena ning p\u00e4riltolult ka \u00fcksjagu eestirootslasena, on siin mitmeid aastaid selle traditsiooniga tegelenud. Strand\u2026Rand on kolme noore naise isikup\u00e4rane m\u00f5tisklus l\u00e4bi rannarootsi rahvap\u00e4raste koraaliviiside.<br \/>\n<strong>Sisu:<br \/>\n<\/strong>1. Prologue<br \/>\n2. &#8220;Ensamt&#8221;<br \/>\n3. Best\u00e4ll om ditt hus<br \/>\n4. Kes Jumalat nii laseb teha?<br \/>\n5. Ack mitt skepp<br \/>\n6. Mig dagen flyr<br \/>\n7. V\u00e4rldens fr\u00e4lsare kom h\u00e4r<br \/>\n8. See j\u00f5ulup\u00e4ev<br \/>\n9. En stj\u00e4rna gick pa himlen fram<br \/>\n10. Ett br\u00f6llop uti Kanan stod<br \/>\n11. Kas sureb nii mu k\u00f5ige armsam elu?<br \/>\n12. 10 jungfrur<br \/>\n13. I himmelen \/ Neil k\u00f5rgustel<br \/>\n14. &#8220;Tvasamt&#8221; \/ &#8220;Together&#8221;<br \/>\n15. A boija bane<br \/>\n16. Epilogue \/ Thanks, Orms\u00f6!<\/p>\n","protected":false},"featured_media":2410,"template":"","meta":{"_et_pb_use_builder":"","_et_pb_old_content":"","_et_gb_content_width":"","spay_email":""},"_links":{"self":[{"href":"https:\/\/estonianmusic.com\/en\/wp-json\/wp\/v2\/product\/5219"}],"collection":[{"href":"https:\/\/estonianmusic.com\/en\/wp-json\/wp\/v2\/product"}],"about":[{"href":"https:\/\/estonianmusic.com\/en\/wp-json\/wp\/v2\/types\/product"}],"wp:featuredmedia":[{"embeddable":true,"href":"https:\/\/estonianmusic.com\/en\/wp-json\/wp\/v2\/media\/2410"}],"wp:attachment":[{"href":"https:\/\/estonianmusic.com\/en\/wp-json\/wp\/v2\/media?parent=5219"}],"curies":[{"name":"wp","href":"https:\/\/api.w.org\/{rel}","templated":true}]}}