
{"id":5217,"date":"2021-02-11T10:50:20","date_gmt":"2021-04-04T17:53:27","guid":{"rendered":"https:\/\/estonianmusic.com\/toode\/ansambel-kukulind-ja-solistid\/"},"modified":"2021-04-04T17:53:28","modified_gmt":"2021-04-04T17:53:28","slug":"ansambel-kukulind-ja-solistid","status":"publish","type":"product","link":"https:\/\/estonianmusic.com\/en\/toode\/ansambel-kukulind-ja-solistid\/","title":{"rendered":"Ansambel Kukulind ja solistid"},"content":{"rendered":"","protected":false},"excerpt":{"rendered":"<p>Ensemble of zither &#8220;Kukulind&#8221; is activ since 1975 M\u00e4ngitakse Tallinna Klaverivabrikus valmistatud kromaatilistel kanneldel, mis v\u00f5imaldavad esitada nii rahva- kui kammermuusikat.<br \/>\nPlaadil k\u00f5lab eesti rahvamuusika k\u00f5rval ka originaalloomingut \u00dclo Vinteri, Edgar Arro, Aarne M\u00e4nniku jt sulest.<br \/>\nKaastegevad mitmed solistid, segakoor &#8220;Noorus&#8221;, Eesti Raadio Rahvamuusikaansambel jt. Recorded 1961-2000 68&#8217;55 DDD<\/p>\n","protected":false},"featured_media":2416,"template":"","meta":{"_et_pb_use_builder":"","_et_pb_old_content":"","_et_gb_content_width":"","spay_email":""},"_links":{"self":[{"href":"https:\/\/estonianmusic.com\/en\/wp-json\/wp\/v2\/product\/5217"}],"collection":[{"href":"https:\/\/estonianmusic.com\/en\/wp-json\/wp\/v2\/product"}],"about":[{"href":"https:\/\/estonianmusic.com\/en\/wp-json\/wp\/v2\/types\/product"}],"wp:featuredmedia":[{"embeddable":true,"href":"https:\/\/estonianmusic.com\/en\/wp-json\/wp\/v2\/media\/2416"}],"wp:attachment":[{"href":"https:\/\/estonianmusic.com\/en\/wp-json\/wp\/v2\/media?parent=5217"}],"curies":[{"name":"wp","href":"https:\/\/api.w.org\/{rel}","templated":true}]}}