
{"id":5211,"date":"2021-02-11T11:19:20","date_gmt":"2021-04-04T17:41:10","guid":{"rendered":"https:\/\/estonianmusic.com\/toode\/ellav-pulga-jaan\/"},"modified":"2021-04-04T17:41:10","modified_gmt":"2021-04-04T17:41:10","slug":"ellav-pulga-jaan-2","status":"publish","type":"product","link":"https:\/\/estonianmusic.com\/en\/toode\/ellav-pulga-jaan-2\/","title":{"rendered":"Ell\u00e4v Pulga Jaan"},"content":{"rendered":"","protected":false},"excerpt":{"rendered":"<p>Tuntud v\u00f5rokeelse laulu &#8220;Tul\u00f5-aga-tul\u00f5&#8221; s\u00f5nade autor on Oe k\u00fclast p\u00e4rit taluperemees Pulga Jaan, kelle <span class=\"text\">28. novembril 2002 lauludest ja juttudest Tartu \u00dclikooli Vanas Kohvikus s\u00fcndiski plaat &#8220;Ell\u00e4v Pulga Jaan&#8221;.<\/span><\/p>\n","protected":false},"featured_media":2436,"template":"","meta":{"_et_pb_use_builder":"","_et_pb_old_content":"","_et_gb_content_width":"","spay_email":""},"_links":{"self":[{"href":"https:\/\/estonianmusic.com\/en\/wp-json\/wp\/v2\/product\/5211"}],"collection":[{"href":"https:\/\/estonianmusic.com\/en\/wp-json\/wp\/v2\/product"}],"about":[{"href":"https:\/\/estonianmusic.com\/en\/wp-json\/wp\/v2\/types\/product"}],"wp:featuredmedia":[{"embeddable":true,"href":"https:\/\/estonianmusic.com\/en\/wp-json\/wp\/v2\/media\/2436"}],"wp:attachment":[{"href":"https:\/\/estonianmusic.com\/en\/wp-json\/wp\/v2\/media?parent=5211"}],"curies":[{"name":"wp","href":"https:\/\/api.w.org\/{rel}","templated":true}]}}