
{"id":5207,"date":"2021-02-11T10:10:29","date_gmt":"2021-04-04T17:30:07","guid":{"rendered":"https:\/\/estonianmusic.com\/toode\/onnokon-siin-tsoorin-olla\/"},"modified":"2021-04-04T17:30:07","modified_gmt":"2021-04-04T17:30:07","slug":"onnokon-siin-tsoorin-olla-2","status":"publish","type":"product","link":"https:\/\/estonianmusic.com\/en\/toode\/onnokon-siin-tsoorin-olla-2\/","title":{"rendered":"\u00d5nn\u00f5k\u00f5n siin ts\u00f5\u00f5rin olla"},"content":{"rendered":"","protected":false},"excerpt":{"rendered":"<p>Old game-songs from Vana-V\u00f5rumaa<br \/>\nRaamatus on 60 Vana-V\u00f5romaa eri paikadest p\u00e4rit laulum\u00e4ngu. &#8220;\u00d5nn\u00f5k\u00f5n siin ts\u00f5\u00f5rin olla&#8221; on praktiline repertuaarikogumik, kust leiab nii varem tr\u00fckis ilmunud kui ka Eesti Rahvaluule Arhiivist leitud vanemaid ja uuemaid Vana-V\u00f5romaa ning Sangaste laulum\u00e4nge. Kogumikus olevate laulum\u00e4ngude meloodiad p\u00e4rinevad enamasti kirjalikest arhiiviallikatest, m\u00f5ned on noodistatud arhiivisalvestiste j\u00e4rgi. Laulus\u00f5nad on leitud k\u00e4sikirjadest ja digitaalsetest v\u00e4ljaannetest.<\/p>\n","protected":false},"featured_media":2284,"template":"","meta":{"_et_pb_use_builder":"","_et_pb_old_content":"","_et_gb_content_width":"","spay_email":""},"_links":{"self":[{"href":"https:\/\/estonianmusic.com\/en\/wp-json\/wp\/v2\/product\/5207"}],"collection":[{"href":"https:\/\/estonianmusic.com\/en\/wp-json\/wp\/v2\/product"}],"about":[{"href":"https:\/\/estonianmusic.com\/en\/wp-json\/wp\/v2\/types\/product"}],"wp:featuredmedia":[{"embeddable":true,"href":"https:\/\/estonianmusic.com\/en\/wp-json\/wp\/v2\/media\/2284"}],"wp:attachment":[{"href":"https:\/\/estonianmusic.com\/en\/wp-json\/wp\/v2\/media?parent=5207"}],"curies":[{"name":"wp","href":"https:\/\/api.w.org\/{rel}","templated":true}]}}