
{"id":5154,"date":"2021-02-05T14:48:05","date_gmt":"2021-04-04T14:22:31","guid":{"rendered":"https:\/\/estonianmusic.com\/toode\/laulan-lahket-laulukesta-laule-ja-salme-mudilastele\/"},"modified":"2021-04-04T14:22:31","modified_gmt":"2021-04-04T14:22:31","slug":"laulan-lahket-laulukesta-laule-ja-salme-mudilastele-2","status":"publish","type":"product","link":"https:\/\/estonianmusic.com\/en\/toode\/laulan-lahket-laulukesta-laule-ja-salme-mudilastele-2\/","title":{"rendered":"Laulan lahket laulukesta. Laule ja salme mudilastele"},"content":{"rendered":"","protected":false},"excerpt":{"rendered":"<p>Maie Kents on kauaaegne lasteaia muusika\u00f5petaja Tapalt, kes on hariduse saanud H. Elleri muusikakoolist. Tema laulud on lapsep\u00e4rased ja lihtsad. Uus kogumik sisaldab 53 laulu ja salmi esimestest tervitustest lasteaias kuni laulum\u00e4ngudeni, s\u00fcgisest j\u00f5ulude ja suveni v\u00e4lja. M\u00f5eldud lasteaialastele k\u00f5ige pisematest alates.<br \/>\nSize A4, 24 pages<br \/>\nKujundus Kertu Elfenbein, laulude toimetaja Svetlana Kuusik.<\/p>\n<p><a href=\"https:\/\/estonianmusic.dev.unionfintech.com\/wp-content\/uploads\/2021\/02\/Kents_naited.pdf\">Kents_n\u00e4ited<\/a><\/p>\n","protected":false},"featured_media":1872,"template":"","meta":{"_et_pb_use_builder":"","_et_pb_old_content":"","_et_gb_content_width":"","spay_email":""},"_links":{"self":[{"href":"https:\/\/estonianmusic.com\/en\/wp-json\/wp\/v2\/product\/5154"}],"collection":[{"href":"https:\/\/estonianmusic.com\/en\/wp-json\/wp\/v2\/product"}],"about":[{"href":"https:\/\/estonianmusic.com\/en\/wp-json\/wp\/v2\/types\/product"}],"wp:featuredmedia":[{"embeddable":true,"href":"https:\/\/estonianmusic.com\/en\/wp-json\/wp\/v2\/media\/1872"}],"wp:attachment":[{"href":"https:\/\/estonianmusic.com\/en\/wp-json\/wp\/v2\/media?parent=5154"}],"curies":[{"name":"wp","href":"https:\/\/api.w.org\/{rel}","templated":true}]}}