
{"id":5152,"date":"2021-02-05T18:56:51","date_gmt":"2021-04-04T14:22:05","guid":{"rendered":"https:\/\/estonianmusic.com\/toode\/kuuhobune-laulutsukkel-lasteansamblile-ja-klaverile\/"},"modified":"2021-04-04T14:22:05","modified_gmt":"2021-04-04T14:22:05","slug":"kuuhobune-laulutsukkel-lasteansamblile-ja-klaverile-2","status":"publish","type":"product","link":"https:\/\/estonianmusic.com\/en\/toode\/kuuhobune-laulutsukkel-lasteansamblile-ja-klaverile-2\/","title":{"rendered":"Kuuhobune. Lauluts\u00fckkel lasteansamblile ja klaverile"},"content":{"rendered":"","protected":false},"excerpt":{"rendered":"<p>\u00d5htul tuleb k\u00e4tte muinasjutu aeg, seda teadis t\u00fctar Britta h\u00e4sti. Juhtus aga, et seekord ei tahtnud v\u00e4rsiread kuidagi paigal seista. Lehed p\u00f6\u00f6rasid ennast muusika taktis, valisid kost\u00fc\u00fcme, kustutasid tule ning s\u00fc\u00fctasid prozektorid. S\u00f5nad ja muusika k\u00e4ivad tihti k\u00e4sik\u00e4es. Lugedes Doris Kareva &#8220;Kuuhobust&#8221; oli muusika seal juba olemas. Saage teiegi sellest osa. \/ Eve Rannu \/<\/p>\n<p>Pildid joonistas Heili J\u00fcrisoo<br \/>\nKujundas Mari K\u00e4bin<br \/>\n<em>A4 formaat; 19 lk.<\/em><\/p>\n","protected":false},"featured_media":1641,"template":"","meta":{"_et_pb_use_builder":"","_et_pb_old_content":"","_et_gb_content_width":"","spay_email":""},"_links":{"self":[{"href":"https:\/\/estonianmusic.com\/en\/wp-json\/wp\/v2\/product\/5152"}],"collection":[{"href":"https:\/\/estonianmusic.com\/en\/wp-json\/wp\/v2\/product"}],"about":[{"href":"https:\/\/estonianmusic.com\/en\/wp-json\/wp\/v2\/types\/product"}],"wp:featuredmedia":[{"embeddable":true,"href":"https:\/\/estonianmusic.com\/en\/wp-json\/wp\/v2\/media\/1641"}],"wp:attachment":[{"href":"https:\/\/estonianmusic.com\/en\/wp-json\/wp\/v2\/media?parent=5152"}],"curies":[{"name":"wp","href":"https:\/\/api.w.org\/{rel}","templated":true}]}}