
{"id":5151,"date":"2021-02-05T19:20:06","date_gmt":"2021-04-04T14:21:47","guid":{"rendered":"https:\/\/estonianmusic.com\/toode\/lastelaulud-helve-mikussaar\/"},"modified":"2021-04-04T14:21:47","modified_gmt":"2021-04-04T14:21:47","slug":"lastelaulud-helve-mikussaar-2","status":"publish","type":"product","link":"https:\/\/estonianmusic.com\/en\/toode\/lastelaulud-helve-mikussaar-2\/","title":{"rendered":"Lastelaulud. Helve Mikussaar"},"content":{"rendered":"","protected":false},"excerpt":{"rendered":"<p>183 lastelaulu<\/p>\n<p><strong>Autor Helve Mikussaar:<\/strong><br \/>\nOlen s\u00fcndinud 1951.a. Tartus, muusikat armastavas perekonnas. Minu isa m\u00e4ngis kornetit ja vioolat, vend klarnetit ning ema laulis. V\u00f5ru Laste Muusikakoolis \u00f5ppisin ma klaverit ja hiljem iseseisvalt veel akordeoni. Alates 1970 aastast olen t\u00f6\u00f6tanud lastega &#8211; alguses Parksepa Lastep\u00e4evakodus ja seej\u00e4rel 1980 aastast t\u00e4naseni Antsla l\u00e4hedal praeguses Lusti Algkool-Lasteaias. Koos muusikakasvataja t\u00f6\u00f6ga sai alguse ka laulude kirjutamine, alguses vajadusest ja hiljem juba sisemisest soovist. Luuletusi lugedes tekkisid neile nagu iseenesest viisid ja n\u00e4is, et lapsed esitasid neid r\u00f5\u00f5muga. See innustas mind ja nii need laulud k\u00f5ik valmisidki.<\/p>\n<p><em>Formaat 170*235, 200 lk., k\u00f5va k\u00f6ide<\/em><br \/>\nPildid joonistasid <em>Mari K\u00e4bin<\/em> ja Tallinna Rahum\u00e4e P\u00f5hikooli lapsed<br \/>\nLaule aitas valida <em>Pia V\u00e4rav<br \/>\n<\/em>Suur t\u00e4nu kaasabi eest <em>Mare Visnapuule<\/em><\/p>\n","protected":false},"featured_media":1651,"template":"","meta":{"_et_pb_use_builder":"","_et_pb_old_content":"","_et_gb_content_width":"","spay_email":""},"_links":{"self":[{"href":"https:\/\/estonianmusic.com\/en\/wp-json\/wp\/v2\/product\/5151"}],"collection":[{"href":"https:\/\/estonianmusic.com\/en\/wp-json\/wp\/v2\/product"}],"about":[{"href":"https:\/\/estonianmusic.com\/en\/wp-json\/wp\/v2\/types\/product"}],"wp:featuredmedia":[{"embeddable":true,"href":"https:\/\/estonianmusic.com\/en\/wp-json\/wp\/v2\/media\/1651"}],"wp:attachment":[{"href":"https:\/\/estonianmusic.com\/en\/wp-json\/wp\/v2\/media?parent=5151"}],"curies":[{"name":"wp","href":"https:\/\/api.w.org\/{rel}","templated":true}]}}