
{"id":5150,"date":"2021-02-05T19:22:46","date_gmt":"2021-04-04T14:21:31","guid":{"rendered":"https:\/\/estonianmusic.com\/toode\/viisivoru-talve-lood-lastelaulud\/"},"modified":"2021-04-04T14:21:31","modified_gmt":"2021-04-04T14:21:31","slug":"viisivoru-talve-lood-lastelaulud-2","status":"publish","type":"product","link":"https:\/\/estonianmusic.com\/en\/toode\/viisivoru-talve-lood-lastelaulud-2\/","title":{"rendered":"Viisiv\u00f5ru: Talve lood. Lastelaulud"},"content":{"rendered":"","protected":false},"excerpt":{"rendered":"<p>V\u00f5rumaa muusika\u00f5petaja Helve Mikussaare lastelaulude <u>teine vihik<\/u> sarjast &#8220;Viisiv\u00f5ru&#8221;.<\/p>\n<p>Koostaja: <em>Sven Peterson<\/em><br \/>\nKujundas: <em>Mari K\u00e4bin<\/em><\/p>\n<p><a href=\"https:\/\/estonianmusic.dev.unionfintech.com\/wp-content\/uploads\/2021\/02\/Mikussaar_Talv_naited.pdf\">Mikussaar_Talv_n\u00e4ited<\/a><br \/>\n<a href=\"https:\/\/estonianmusic.dev.unionfintech.com\/wp-content\/uploads\/2021\/02\/Mikussaar_Talv_sisukord.pdf\">Mikussaar_Talv_sisukord<\/a><\/p>\n<p>&nbsp;<\/p>\n","protected":false},"featured_media":1747,"template":"","meta":{"_et_pb_use_builder":"","_et_pb_old_content":"","_et_gb_content_width":"","spay_email":""},"_links":{"self":[{"href":"https:\/\/estonianmusic.com\/en\/wp-json\/wp\/v2\/product\/5150"}],"collection":[{"href":"https:\/\/estonianmusic.com\/en\/wp-json\/wp\/v2\/product"}],"about":[{"href":"https:\/\/estonianmusic.com\/en\/wp-json\/wp\/v2\/types\/product"}],"wp:featuredmedia":[{"embeddable":true,"href":"https:\/\/estonianmusic.com\/en\/wp-json\/wp\/v2\/media\/1747"}],"wp:attachment":[{"href":"https:\/\/estonianmusic.com\/en\/wp-json\/wp\/v2\/media?parent=5150"}],"curies":[{"name":"wp","href":"https:\/\/api.w.org\/{rel}","templated":true}]}}