
{"id":5143,"date":"2021-02-06T11:16:53","date_gmt":"2021-04-04T14:16:39","guid":{"rendered":"https:\/\/estonianmusic.com\/toode\/klaveritund-pieces-for-two-and-three-pianos\/"},"modified":"2021-04-04T14:16:40","modified_gmt":"2021-04-04T14:16:40","slug":"klaveritund","status":"publish","type":"product","link":"https:\/\/estonianmusic.com\/en\/toode\/klaveritund\/","title":{"rendered":"Klaveritund. Pieces for two and three pianos"},"content":{"rendered":"","protected":false},"excerpt":{"rendered":"<p>Pala \u201eKlaveritund\u201d on kirjutatud 1998. aastal kursusevend Ain Prosa lavastatud telelavastusele A. H. Tammsaare \u201eMa armastasin sakslast\u201d (ETV 1998.) \u201e\u00d5htus\u00f6\u00f6k s\u00f5pradega\u201d on kirjutatud samanimelisele lavastusele. N\u00e4idendi autor Donald Margulies, lavastaja Ain Prosa. (Eesti Draamateater 2001) \u201eT\u00f5estus\u201d p\u00e4rineb aastast 2002. David Auburni samanimelise n\u00e4idendi lavastas Ain Prosa. (Linnateater 2002) Content: 1. Klaveritund 2. \u00d5htus\u00f6\u00f6k s\u00f5pradega I 3. \u00d5htus\u00f6\u00f6k s\u00f5pradega II 4. T\u00f5estus Formaat A4, 32 lk. Separate parts included.<\/p>\n<p><a href=\"https:\/\/estonianmusic.dev.unionfintech.com\/wp-content\/uploads\/2021\/02\/Varres_Klaveritund_Naited.pdf\">Varres_Klaveritund_Samples<\/a><\/p>\n","protected":false},"featured_media":2010,"template":"","meta":{"_et_pb_use_builder":"","_et_pb_old_content":"","_et_gb_content_width":"","spay_email":""},"_links":{"self":[{"href":"https:\/\/estonianmusic.com\/en\/wp-json\/wp\/v2\/product\/5143"}],"collection":[{"href":"https:\/\/estonianmusic.com\/en\/wp-json\/wp\/v2\/product"}],"about":[{"href":"https:\/\/estonianmusic.com\/en\/wp-json\/wp\/v2\/types\/product"}],"wp:featuredmedia":[{"embeddable":true,"href":"https:\/\/estonianmusic.com\/en\/wp-json\/wp\/v2\/media\/2010"}],"wp:attachment":[{"href":"https:\/\/estonianmusic.com\/en\/wp-json\/wp\/v2\/media?parent=5143"}],"curies":[{"name":"wp","href":"https:\/\/api.w.org\/{rel}","templated":true}]}}