
{"id":5140,"date":"2021-02-04T16:00:10","date_gmt":"2021-04-04T14:10:55","guid":{"rendered":"https:\/\/estonianmusic.com\/toode\/rutmimuusika-abc-klaverile-playing-pop-rock-and-jazz-on-piano\/"},"modified":"2021-04-04T14:10:56","modified_gmt":"2021-04-04T14:10:56","slug":"rutmimuusika-abc-klaverile","status":"publish","type":"product","link":"https:\/\/estonianmusic.com\/en\/toode\/rutmimuusika-abc-klaverile\/","title":{"rendered":"R\u00fctmimuusika ABC klaverile. Playing pop, rock and jazz on piano"},"content":{"rendered":"","protected":false},"excerpt":{"rendered":"<p>Study book for beginners Peamine fookus on aga funktsionaalsel anal\u00fc\u00fcsil, mida autor peab v\u00e4ga oluliseks eelduseks d\u017e\u00e4ssmuusika esitamisel.<br \/>\nSergei Pedersen (*1953) on hinnatud jazzmuusik ja laulja. Ta on klahvpillim\u00e4ngijana tegutsenud mitmes eesti tippansamblis nagu \u201eRadar\u201c, \u201eMagnetic Band\u201c jt. Aastast 2003 \u00f5petab ta jazzklaverit Otsa koolis, j\u00e4tkates samal ajal aktiivse tegevmuusikuna.<br \/>\nN\u00e4ited Tiit Juurikas, formaat a4, 42 lk, spiraalk\u00f6ide<\/p>\n<p><a href=\"https:\/\/estonianmusic.dev.unionfintech.com\/wp-content\/uploads\/2021\/02\/pedersensisu.pdf\">Sisukord<\/a><\/p>\n<p>&nbsp;<\/p>\n","protected":false},"featured_media":1797,"template":"","meta":{"_et_pb_use_builder":"","_et_pb_old_content":"","_et_gb_content_width":"","spay_email":""},"_links":{"self":[{"href":"https:\/\/estonianmusic.com\/en\/wp-json\/wp\/v2\/product\/5140"}],"collection":[{"href":"https:\/\/estonianmusic.com\/en\/wp-json\/wp\/v2\/product"}],"about":[{"href":"https:\/\/estonianmusic.com\/en\/wp-json\/wp\/v2\/types\/product"}],"wp:featuredmedia":[{"embeddable":true,"href":"https:\/\/estonianmusic.com\/en\/wp-json\/wp\/v2\/media\/1797"}],"wp:attachment":[{"href":"https:\/\/estonianmusic.com\/en\/wp-json\/wp\/v2\/media?parent=5140"}],"curies":[{"name":"wp","href":"https:\/\/api.w.org\/{rel}","templated":true}]}}