
{"id":5139,"date":"2021-02-05T13:48:55","date_gmt":"2021-04-04T14:07:14","guid":{"rendered":"https:\/\/estonianmusic.com\/toode\/vaba-fraas-ja-improvisatsioon-free-phrasing-and-improvisation-study-book\/"},"modified":"2021-04-04T14:07:16","modified_gmt":"2021-04-04T14:07:16","slug":"vaba-fraas-ja-improvisatsioon-jazziopik","status":"publish","type":"product","link":"https:\/\/estonianmusic.com\/en\/toode\/vaba-fraas-ja-improvisatsioon-jazziopik\/","title":{"rendered":"Vaba fraas ja improvisatsioon. Free Phrasing and Improvisation Study book"},"content":{"rendered":"","protected":false},"excerpt":{"rendered":"<p>Unikaalne eestikeelne jazzimprovisatsiooni \u00f5pik, mille autoriks on Sergei Pedersen, hinnatud jazzmuusik ja laulja. Aastast 2004 on Sergei ka Tallinna G.Otsa Muusikakooli \u00f5petaja. K\u00e4esolev \u00f5pik ongi valminud \u00f5petamise k\u00e4igus ja v\u00f5tab kokku autori kogemused ja muusikalised t\u00f5ekspidamised. K\u00f5ige t\u00e4htsamaks peab ta vaba fraasi arendamist, selleni aitab j\u00f5uda tonaalsusel p\u00f5hinev ja erinevaid harjutusi ning m\u00e4nguv\u00f5tteid h\u00f5lmav originaalne metoodika. \u00d5piku juurde kuulub koos \u00f5pilastega salvestatud DVD. \u00d5pik valmis Eesti Kultuurkapitali, Eesti Autorite \u00dchingu ja Tallinna G.Otsa Muusikakooli toetusel. Redigeeris Themuri Sulamanidze, toimetas Sven Peterson Noodin\u00e4ited Tiit Juurikas Kaanekujundus Mari K\u00e4bin DVD salvestus Tanel Ehala ja Ian Mikael Kirss Formaat A4, 105 lk, DVD.<\/p>\n<p><a href=\"https:\/\/estonianmusic.dev.unionfintech.com\/wp-content\/uploads\/2021\/02\/Jazziopik_sisukord.pdf\">Jazziopik_sisukord<\/a><\/p>\n<p>&nbsp;<\/p>\n","protected":false},"featured_media":1855,"template":"","meta":{"_et_pb_use_builder":"","_et_pb_old_content":"","_et_gb_content_width":"","spay_email":""},"_links":{"self":[{"href":"https:\/\/estonianmusic.com\/en\/wp-json\/wp\/v2\/product\/5139"}],"collection":[{"href":"https:\/\/estonianmusic.com\/en\/wp-json\/wp\/v2\/product"}],"about":[{"href":"https:\/\/estonianmusic.com\/en\/wp-json\/wp\/v2\/types\/product"}],"wp:featuredmedia":[{"embeddable":true,"href":"https:\/\/estonianmusic.com\/en\/wp-json\/wp\/v2\/media\/1855"}],"wp:attachment":[{"href":"https:\/\/estonianmusic.com\/en\/wp-json\/wp\/v2\/media?parent=5139"}],"curies":[{"name":"wp","href":"https:\/\/api.w.org\/{rel}","templated":true}]}}