
{"id":5138,"date":"2021-02-05T14:03:15","date_gmt":"2021-04-04T14:04:58","guid":{"rendered":"https:\/\/estonianmusic.com\/toode\/jazzharmony-study-book\/"},"modified":"2021-04-04T14:04:58","modified_gmt":"2021-04-04T14:04:58","slug":"jazzharmoonia-2-2","status":"publish","type":"product","link":"https:\/\/estonianmusic.com\/en\/toode\/jazzharmoonia-2-2\/","title":{"rendered":"Jazzharmony. Study book"},"content":{"rendered":"","protected":false},"excerpt":{"rendered":"<p>Raamatus on k\u00e4sitletud p\u00f5hilisi jazzharmooniat puudutavaid aspekte. P\u00f5hjalikult on juttu t\u00e4hem\u00e4rgis\u00fcsteemist ja harmoniseerimise lihtsamatest vormidest. Lisatud noodin\u00e4ited.<\/p>\n<p>Toimetanud <em>Sven Peterson<br \/>\n<\/em>Kujundaja <em>Mari K\u00e4bin<br \/>\n<\/em><em>Formaat A4, 67 lk.<\/em><\/p>\n","protected":false},"featured_media":8179,"template":"","meta":{"_et_pb_use_builder":"","_et_pb_old_content":"","_et_gb_content_width":"","spay_email":""},"_links":{"self":[{"href":"https:\/\/estonianmusic.com\/en\/wp-json\/wp\/v2\/product\/5138"}],"collection":[{"href":"https:\/\/estonianmusic.com\/en\/wp-json\/wp\/v2\/product"}],"about":[{"href":"https:\/\/estonianmusic.com\/en\/wp-json\/wp\/v2\/types\/product"}],"wp:featuredmedia":[{"embeddable":true,"href":"https:\/\/estonianmusic.com\/en\/wp-json\/wp\/v2\/media\/8179"}],"wp:attachment":[{"href":"https:\/\/estonianmusic.com\/en\/wp-json\/wp\/v2\/media?parent=5138"}],"curies":[{"name":"wp","href":"https:\/\/api.w.org\/{rel}","templated":true}]}}