
{"id":5123,"date":"2021-02-16T15:26:36","date_gmt":"2021-04-04T13:43:12","guid":{"rendered":"https:\/\/estonianmusic.com\/toode\/konn-kilpkonn-opib-klaverit-mangima-piano-teaching-book-i\/"},"modified":"2021-04-04T13:43:14","modified_gmt":"2021-04-04T13:43:14","slug":"konn-kilpkonn-opib-klaverit-mangima-klaveriopik-i-osa","status":"publish","type":"product","link":"https:\/\/estonianmusic.com\/en\/toode\/konn-kilpkonn-opib-klaverit-mangima-klaveriopik-i-osa\/","title":{"rendered":"Konn Kilpkonn \u00f5pib klaverit m\u00e4ngima. Piano teaching book I"},"content":{"rendered":"","protected":false},"excerpt":{"rendered":"<p>40 lk, A4, klamberk\u00f6ide<br \/>\nL\u00f5bus kaunite piltidega klaveri\u00f5pik sobib algajatele. Koos Kilpkonnaga saavad selgeks lihtsamad r\u00fctmid ja noodid. \u00d5pikus leiad lihtsaid klaveripalu, millel on enamasti ka saatepartii. Paljudel paladel on s\u00f5nad, sest pillim\u00e4ng algab ju ikka laulmisest. Nooditekst on suur ja selge, et lapsel oleks seda m\u00f5nus j\u00e4lgida. Palad p\u00e4rinevad peaasjalikult Riine Pajusaare sulest, aga sisse on p\u00f5imitud ka eri rahvaste tuntud laule.<br \/>\nKunstnik: Paula Pajusaar<\/p>\n","protected":false},"featured_media":2739,"template":"","meta":{"_et_pb_use_builder":"","_et_pb_old_content":"","_et_gb_content_width":"","spay_email":""},"_links":{"self":[{"href":"https:\/\/estonianmusic.com\/en\/wp-json\/wp\/v2\/product\/5123"}],"collection":[{"href":"https:\/\/estonianmusic.com\/en\/wp-json\/wp\/v2\/product"}],"about":[{"href":"https:\/\/estonianmusic.com\/en\/wp-json\/wp\/v2\/types\/product"}],"wp:featuredmedia":[{"embeddable":true,"href":"https:\/\/estonianmusic.com\/en\/wp-json\/wp\/v2\/media\/2739"}],"wp:attachment":[{"href":"https:\/\/estonianmusic.com\/en\/wp-json\/wp\/v2\/media?parent=5123"}],"curies":[{"name":"wp","href":"https:\/\/api.w.org\/{rel}","templated":true}]}}