
{"id":5122,"date":"2021-02-16T15:30:45","date_gmt":"2021-04-04T13:42:47","guid":{"rendered":"https:\/\/estonianmusic.com\/toode\/konn-kilpkonn-opib-klaverit-mangima-piano-teaching-book-ii\/"},"modified":"2021-04-04T13:42:49","modified_gmt":"2021-04-04T13:42:49","slug":"konn-kilpkonn-opib-klaverit-mangima-klaveriopik-ii-osa","status":"publish","type":"product","link":"https:\/\/estonianmusic.com\/en\/toode\/konn-kilpkonn-opib-klaverit-mangima-klaveriopik-ii-osa\/","title":{"rendered":"Konn Kilpkonn \u00f5pib klaverit m\u00e4ngima. Piano teaching book II"},"content":{"rendered":"","protected":false},"excerpt":{"rendered":"<p>Klaveri\u00f5pik Konn Kilpkonn l\u00e4heb reisile on j\u00e4tk \u00f5piku I osale Konn Kilpkonn \u00f5pib klaverit m\u00e4ngima. I osas said selgeks lihtsamad r\u00fctmid ja noodid. \u00d5piku II osas \u00f5pib Konn Kilpkonn m\u00e4ngima ka mustadel klahvidel ning tutvub uute r\u00fctmidega. \u00d5piku l\u00f5puosas leiad Riine Pajusaare uhiuued klaveripalad p\u00f5nevatest loomadest.<br \/>\nKunstnik: Paula Pajusaar<br \/>\n44 lk, A4, klamberk\u00f6ide<\/p>\n","protected":false},"featured_media":2354,"template":"","meta":{"_et_pb_use_builder":"","_et_pb_old_content":"","_et_gb_content_width":"","spay_email":""},"_links":{"self":[{"href":"https:\/\/estonianmusic.com\/en\/wp-json\/wp\/v2\/product\/5122"}],"collection":[{"href":"https:\/\/estonianmusic.com\/en\/wp-json\/wp\/v2\/product"}],"about":[{"href":"https:\/\/estonianmusic.com\/en\/wp-json\/wp\/v2\/types\/product"}],"wp:featuredmedia":[{"embeddable":true,"href":"https:\/\/estonianmusic.com\/en\/wp-json\/wp\/v2\/media\/2354"}],"wp:attachment":[{"href":"https:\/\/estonianmusic.com\/en\/wp-json\/wp\/v2\/media?parent=5122"}],"curies":[{"name":"wp","href":"https:\/\/api.w.org\/{rel}","templated":true}]}}