
{"id":5121,"date":"2021-03-03T11:59:24","date_gmt":"2021-04-04T13:41:22","guid":{"rendered":"https:\/\/estonianmusic.com\/toode\/vana-viiuli-uued-duurid-new-pieces-for-violin\/"},"modified":"2021-04-04T13:41:22","modified_gmt":"2021-04-04T13:41:22","slug":"vana-viiuli-uued-duurid-2","status":"publish","type":"product","link":"https:\/\/estonianmusic.com\/en\/toode\/vana-viiuli-uued-duurid-2\/","title":{"rendered":"Vana viiuli uued duurid. New Pieces for Violin"},"content":{"rendered":"","protected":false},"excerpt":{"rendered":"<p>Piret Pajusaare viiulipalad lastele<br \/>\nPiret Pajusaar (s 1993) on Eesti helilooja ja viiulim\u00e4ngija. Pilli\u00f5pingutega alustas N\u00f5mme muusikakoolis 7-aastaselt ning m\u00e4ngib aktiivselt ka praegu, k\u00fcll mitte klassikalist repertuaari. Nimelt l\u00f5petab Piret tuleval kevadel Georg Otsa nimelise Tallinna muusikakooli jazzviiuli erialal, \u00fchtlasi \u00f5pib ta Eesti Muusika- ja Teatriakadeemias heliloomingut. Pireti helikeel on k\u00fcllaltki eksperimentaalne: omap\u00e4rane kombinatsioon n\u00fc\u00fcdisklassikast, jazzist ja rokist annab tema loomingule progressiivse varjundi. M\u00f5te koostada laste viiulipalade kogumik s\u00fcndis koost\u00f6\u00f6s Pireti esimese viiuli\u00f5petaja Leila Eesperega. \u201cV\u00f5tsin eesm\u00e4rgiks kirjutada midagi lihtsat ja lastep\u00e4rast, samas originaalset. N\u00fc\u00fcdismuusika leiaks tunduvalt rohkem kuulajaskonda, kui lapsi modernse helikeelega juba varakult harjutada. Loodan, et \u201cVana viiuli uued duurid\u201d pakub noorele viiuldajale l\u00f5busaid v\u00e4ljakutseid!<\/p>\n<p>&nbsp;<\/p>\n","protected":false},"featured_media":2262,"template":"","meta":{"_et_pb_use_builder":"","_et_pb_old_content":"","_et_gb_content_width":"","spay_email":""},"_links":{"self":[{"href":"https:\/\/estonianmusic.com\/en\/wp-json\/wp\/v2\/product\/5121"}],"collection":[{"href":"https:\/\/estonianmusic.com\/en\/wp-json\/wp\/v2\/product"}],"about":[{"href":"https:\/\/estonianmusic.com\/en\/wp-json\/wp\/v2\/types\/product"}],"wp:featuredmedia":[{"embeddable":true,"href":"https:\/\/estonianmusic.com\/en\/wp-json\/wp\/v2\/media\/2262"}],"wp:attachment":[{"href":"https:\/\/estonianmusic.com\/en\/wp-json\/wp\/v2\/media?parent=5121"}],"curies":[{"name":"wp","href":"https:\/\/api.w.org\/{rel}","templated":true}]}}