
{"id":5116,"date":"2021-03-10T14:27:30","date_gmt":"2021-04-04T13:38:22","guid":{"rendered":"https:\/\/estonianmusic.com\/toode\/duos-for-violins\/"},"modified":"2021-04-04T13:38:22","modified_gmt":"2021-04-04T13:38:22","slug":"viiuliduod-2","status":"publish","type":"product","link":"https:\/\/estonianmusic.com\/en\/toode\/viiuliduod-2\/","title":{"rendered":"Duos for violins"},"content":{"rendered":"","protected":false},"excerpt":{"rendered":"<p>A4, 56 pages<br \/>\nRiho P\u00e4tsi 20 viiuliduot eesti motiividele on oodanud tr\u00fckist ilmumist Teatri- ja Muusikamuuseumis tublisti \u00fcle poole sajandi. Neid on k\u00fcll m\u00e4ngitud k\u00e4sikirjadest, lindistatud ning \u00f5petatud lastele ja noortele. Antud noodiga saavad need armsad lood l\u00f5puks kergesti k\u00e4ttesaadavaks ja m\u00e4ngitavaks k\u00f5igile huvilistele.<br \/>\nEdu avastamiseks!<\/p>\n<p>&nbsp;<\/p>\n","protected":false},"featured_media":2845,"template":"","meta":{"_et_pb_use_builder":"","_et_pb_old_content":"","_et_gb_content_width":"","spay_email":""},"_links":{"self":[{"href":"https:\/\/estonianmusic.com\/en\/wp-json\/wp\/v2\/product\/5116"}],"collection":[{"href":"https:\/\/estonianmusic.com\/en\/wp-json\/wp\/v2\/product"}],"about":[{"href":"https:\/\/estonianmusic.com\/en\/wp-json\/wp\/v2\/types\/product"}],"wp:featuredmedia":[{"embeddable":true,"href":"https:\/\/estonianmusic.com\/en\/wp-json\/wp\/v2\/media\/2845"}],"wp:attachment":[{"href":"https:\/\/estonianmusic.com\/en\/wp-json\/wp\/v2\/media?parent=5116"}],"curies":[{"name":"wp","href":"https:\/\/api.w.org\/{rel}","templated":true}]}}