
{"id":5114,"date":"2021-02-05T18:28:12","date_gmt":"2021-04-04T13:37:11","guid":{"rendered":"https:\/\/estonianmusic.com\/toode\/naitemangulust\/"},"modified":"2021-06-11T00:00:44","modified_gmt":"2021-06-11T00:00:44","slug":"naitemangulust-2","status":"publish","type":"product","link":"https:\/\/estonianmusic.com\/en\/toode\/naitemangulust-2\/","title":{"rendered":"N\u00e4item\u00e4ngulust"},"content":{"rendered":"","protected":false},"excerpt":{"rendered":"<p>Sellest kogumikust leiad viis lustlikku lasten\u00e4idendit, mis k\u00f5ik p\u00f5hinevad eesti kirjandusklassikal. Seadnud Liidja Sepp, kaunid lauluviisid ja tekstid Maria Wunderlichilt.<br \/>\n<strong>Content:<\/strong><br \/>\n1. Kullaketrajad<br \/>\n2. Lapi ja Lopi<br \/>\n3. Vaeslapse k\u00e4sikivi<br \/>\n4. Vigased pruudid<br \/>\n5. Sulaselood<\/p>\n<p><em>Formaat A5, 72 lk.<\/em><\/p>\n","protected":false},"featured_media":1657,"template":"","meta":{"_et_pb_use_builder":"","_et_pb_old_content":"","_et_gb_content_width":"","spay_email":""},"_links":{"self":[{"href":"https:\/\/estonianmusic.com\/en\/wp-json\/wp\/v2\/product\/5114"}],"collection":[{"href":"https:\/\/estonianmusic.com\/en\/wp-json\/wp\/v2\/product"}],"about":[{"href":"https:\/\/estonianmusic.com\/en\/wp-json\/wp\/v2\/types\/product"}],"wp:featuredmedia":[{"embeddable":true,"href":"https:\/\/estonianmusic.com\/en\/wp-json\/wp\/v2\/media\/1657"}],"wp:attachment":[{"href":"https:\/\/estonianmusic.com\/en\/wp-json\/wp\/v2\/media?parent=5114"}],"curies":[{"name":"wp","href":"https:\/\/api.w.org\/{rel}","templated":true}]}}