
{"id":5107,"date":"2021-02-16T16:15:52","date_gmt":"2021-04-04T13:35:30","guid":{"rendered":"https:\/\/estonianmusic.com\/toode\/mardisandi-seiklused-kadrilinnas-cd\/"},"modified":"2021-04-04T13:35:31","modified_gmt":"2021-04-04T13:35:31","slug":"mardisandi-seiklused-kadrilinnas-cd","status":"publish","type":"product","link":"https:\/\/estonianmusic.com\/en\/toode\/mardisandi-seiklused-kadrilinnas-cd\/","title":{"rendered":"Mardisandi seiklused Kadrilinnas +cd"},"content":{"rendered":"","protected":false},"excerpt":{"rendered":"<div>Laulum\u00e4ngu autor on Kaari Sillamaa, kujundaja Pille Kose.<\/div>\n<div><\/div>\n<div>Kord aastas \u2013 novembris \u2013 on aeg, kus inimeste uste taha tulevad vanadesse kasukatesse ja karvam\u00fctsidesse riietatud Mardid ja \u201cviskavad\u201d \u00fcle ukse vilja\u00f5nne ja karja\u00f5nne ja ikka ka raha\u00f5nne.<\/div>\n<div>Vastutasuks tahavad nad s\u00f6\u00f6gipoolist ja muudki \u2013 k\u00f5ike mida \u00fchel Mardil vaja v\u00f5ib minna.<\/div>\n<div>Ei l\u00e4he palju aega, kui k\u00e4ima hakkavad Kadrid \u2013 nemad on valged, sest vahepeal on ju esimene lumigi maha sadanud.<\/div>\n<div>Kui aga hakkab levima jutt, et inimestele oleks justkui Mardid rohkem meeltm\u00f6\u00f6da kui Kadrid, et nende laulud olla vahvamad ja soovid s\u00fcdamlikumad, ei suuda Kadrilinna valitsejanna \u2013 Suure Kadri hing seda \u00fclekohut v\u00e4lja kannatada ja ta otsustab Mardik\u00fcla k\u00fclavanemale \u2013 Vanale Mardile koha k\u00e4tte n\u00e4idata.<\/div>\n<div><\/div>\n<div>L\u00fchike, lustlik ja l\u00f6\u00f6v Mardi-Kadrilugu laulude, vanas\u00f5nade ja Talendijahi konkursiga.<\/div>\n<div>Raamatus libreto, noodid ja fotoillustratsioonid, tagakaane taskus CD laulude ja fonogrammidega<\/div>\n","protected":false},"featured_media":2757,"template":"","meta":{"_et_pb_use_builder":"","_et_pb_old_content":"","_et_gb_content_width":"","spay_email":""},"_links":{"self":[{"href":"https:\/\/estonianmusic.com\/en\/wp-json\/wp\/v2\/product\/5107"}],"collection":[{"href":"https:\/\/estonianmusic.com\/en\/wp-json\/wp\/v2\/product"}],"about":[{"href":"https:\/\/estonianmusic.com\/en\/wp-json\/wp\/v2\/types\/product"}],"wp:featuredmedia":[{"embeddable":true,"href":"https:\/\/estonianmusic.com\/en\/wp-json\/wp\/v2\/media\/2757"}],"wp:attachment":[{"href":"https:\/\/estonianmusic.com\/en\/wp-json\/wp\/v2\/media?parent=5107"}],"curies":[{"name":"wp","href":"https:\/\/api.w.org\/{rel}","templated":true}]}}