
{"id":5105,"date":"2021-02-16T16:19:52","date_gmt":"2021-04-04T13:35:04","guid":{"rendered":"https:\/\/estonianmusic.com\/toode\/punamutsike-cd\/"},"modified":"2021-04-04T13:35:05","modified_gmt":"2021-04-04T13:35:05","slug":"punamutsike-cd","status":"publish","type":"product","link":"https:\/\/estonianmusic.com\/en\/toode\/punamutsike-cd\/","title":{"rendered":"Punam\u00fctsike +cd"},"content":{"rendered":"","protected":false},"excerpt":{"rendered":"<p>Laulum\u00e4ng \u201ePunam\u00fctsike\u201d \u2013 tuntud muinasjutu j\u00e4rgi, mille erinevad versioonid on nii vendadel Grimmidel kui Prantsuse muinasjutumeistril Charles Perrault`l.<br \/>\nLibreto Kaari Sillamaa, muusika Janika Sillamaa.<br \/>\nLauluraamatu tagakaane taskus CD, millel laulud ja fonogrammid.Lugu on lihtsas v\u00f5tmes ja lihtsate lauludega. Sobib lavastada ja esitada lasteaialastel ja ka algklasside \u00f5pilastel.On \u00fcks pere, kus Vanaema oma metsamajas on haigestunud ja lapselaps, keda rahvas Punam\u00fctsikeseks kutsub, l\u00e4heb teda vaatama ja rohtu ning head-paremat viima. Tee viib l\u00e4bi metsa, kus elab teadagi ka Hunt. Hea fantaasiaga lavastaja v\u00f5ib selle lasteloo ka suurep\u00e4raselt panna lavale kas kolleegide v\u00f5i hoopis lastevanematega.<\/p>\n","protected":false},"featured_media":2761,"template":"","meta":{"_et_pb_use_builder":"","_et_pb_old_content":"","_et_gb_content_width":"","spay_email":""},"_links":{"self":[{"href":"https:\/\/estonianmusic.com\/en\/wp-json\/wp\/v2\/product\/5105"}],"collection":[{"href":"https:\/\/estonianmusic.com\/en\/wp-json\/wp\/v2\/product"}],"about":[{"href":"https:\/\/estonianmusic.com\/en\/wp-json\/wp\/v2\/types\/product"}],"wp:featuredmedia":[{"embeddable":true,"href":"https:\/\/estonianmusic.com\/en\/wp-json\/wp\/v2\/media\/2761"}],"wp:attachment":[{"href":"https:\/\/estonianmusic.com\/en\/wp-json\/wp\/v2\/media?parent=5105"}],"curies":[{"name":"wp","href":"https:\/\/api.w.org\/{rel}","templated":true}]}}