
{"id":5101,"date":"2021-03-03T15:15:57","date_gmt":"2021-04-04T13:34:10","guid":{"rendered":"https:\/\/estonianmusic.com\/toode\/tuhkatriinu-cd\/"},"modified":"2021-04-04T13:34:10","modified_gmt":"2021-04-04T13:34:10","slug":"tuhkatriinu-cd-2","status":"publish","type":"product","link":"https:\/\/estonianmusic.com\/en\/toode\/tuhkatriinu-cd-2\/","title":{"rendered":"Tuhkatriinu +cd"},"content":{"rendered":"","protected":false},"excerpt":{"rendered":"<p>Muusikali autorid on Kaari ja Janika Sillamaa, raamatu kujundaja Riina Soom.<br \/>\nRaamat on eelk\u00f5ige m\u00f5eldud neile, kel plaanis \u201eTuhkatriinu\u201d lugu lavale tuua \u2013 on ju teatritegemine \u00fcks p\u00f5nev asi, mida koos s\u00f5prade ja\/v\u00f5i klassikaaslastega ette v\u00f5tta.<br \/>\nCD-l raamatu tagakaane taskus on laulud ja m\u00f5ned valitud fonogrammid ning instrumentaalsed vahepalad.<\/p>\n","protected":false},"featured_media":4070,"template":"","meta":{"_et_pb_use_builder":"","_et_pb_old_content":"","_et_gb_content_width":"","spay_email":""},"_links":{"self":[{"href":"https:\/\/estonianmusic.com\/en\/wp-json\/wp\/v2\/product\/5101"}],"collection":[{"href":"https:\/\/estonianmusic.com\/en\/wp-json\/wp\/v2\/product"}],"about":[{"href":"https:\/\/estonianmusic.com\/en\/wp-json\/wp\/v2\/types\/product"}],"wp:featuredmedia":[{"embeddable":true,"href":"https:\/\/estonianmusic.com\/en\/wp-json\/wp\/v2\/media\/4070"}],"wp:attachment":[{"href":"https:\/\/estonianmusic.com\/en\/wp-json\/wp\/v2\/media?parent=5101"}],"curies":[{"name":"wp","href":"https:\/\/api.w.org\/{rel}","templated":true}]}}