
{"id":5100,"date":"2021-02-05T14:39:29","date_gmt":"2021-04-04T11:24:58","guid":{"rendered":"https:\/\/estonianmusic.com\/toode\/sussikommilood-joululaule-vaikestele-ja-suurtele\/"},"modified":"2021-04-04T11:24:58","modified_gmt":"2021-04-04T11:24:58","slug":"sussikommilood-joululaule-vaikestele-ja-suurtele-2","status":"publish","type":"product","link":"https:\/\/estonianmusic.com\/en\/toode\/sussikommilood-joululaule-vaikestele-ja-suurtele-2\/","title":{"rendered":"Sussikommilood. J\u00f5ululaule v\u00e4ikestele ja suurtele"},"content":{"rendered":"","protected":false},"excerpt":{"rendered":"<p>29 j\u00f5ulu- ja p\u00e4kapikulaulu 15-lt eesti autorilt! V\u00e4ikestele ja ka suurtele!<br \/>\nvt. Sisukorda ja n\u00e4iteid!<\/p>\n<p>Kaanekujundus <em>Mari K\u00e4bin<\/em><br \/>\nFormaat 135*210,<br \/>\n52 lk., k\u00f5vad kaaned<\/p>\n<p><a href=\"https:\/\/estonianmusic.dev.unionfintech.com\/wp-content\/uploads\/2021\/02\/2513-sisukord.pdf\">2513 sisukord<\/a><\/p>\n","protected":false},"featured_media":1601,"template":"","meta":{"_et_pb_use_builder":"","_et_pb_old_content":"","_et_gb_content_width":"","spay_email":""},"_links":{"self":[{"href":"https:\/\/estonianmusic.com\/en\/wp-json\/wp\/v2\/product\/5100"}],"collection":[{"href":"https:\/\/estonianmusic.com\/en\/wp-json\/wp\/v2\/product"}],"about":[{"href":"https:\/\/estonianmusic.com\/en\/wp-json\/wp\/v2\/types\/product"}],"wp:featuredmedia":[{"embeddable":true,"href":"https:\/\/estonianmusic.com\/en\/wp-json\/wp\/v2\/media\/1601"}],"wp:attachment":[{"href":"https:\/\/estonianmusic.com\/en\/wp-json\/wp\/v2\/media?parent=5100"}],"curies":[{"name":"wp","href":"https:\/\/api.w.org\/{rel}","templated":true}]}}