
{"id":5099,"date":"2021-02-06T10:40:21","date_gmt":"2021-04-04T11:24:42","guid":{"rendered":"https:\/\/estonianmusic.com\/toode\/kogumik-ounake-nr-2\/"},"modified":"2021-04-04T11:24:44","modified_gmt":"2021-04-04T11:24:44","slug":"kogumik-ounake-nr-2","status":"publish","type":"product","link":"https:\/\/estonianmusic.com\/en\/toode\/kogumik-ounake-nr-2\/","title":{"rendered":"Kogumik &#8220;\u00d5unake&#8221; nr. 2"},"content":{"rendered":"","protected":false},"excerpt":{"rendered":"<p>Perioodiliselt ilmuva laulu- ja m\u00e4gukogumiku eesm\u00e4rgiks on tutvustada muusika\u00f5petajate endi loodut ning rikastada heade ideedega lasteaia v\u00f5i algkooli muusikatundi. Kogumiku teine number sisaldab laule ja m\u00e4nge erinevateks kevadisteks t\u00e4htp\u00e4evadeks ja \u00fcritusteks nagu nalja- v\u00f5i n\u00f5iap\u00e4ev, emadep\u00e4ev v\u00f5i lasteaia l\u00f5pupidu. Kaasautoriteks nii tuntud laululoojad (Helve Mikussaar, Maria Wunderlich, Krista Aavik jt) kui ka muusika\u00f5petajad-praktikud. Suurem osa materjalist on varem ilmumata! Artiklid eesti muusika\u00f5petuse algusloost ja Saaremaa laulut\u00e4dist Krista Aavikust, uute tr\u00fckiste tutvustus.<br \/>\nKoostanud Lana-Maria Peterson, 32 lk, formaat A4.<\/p>\n<p><a href=\"https:\/\/estonianmusic.dev.unionfintech.com\/wp-content\/uploads\/2021\/02\/ounake2_sisukord.pdf\">ounake2_sisukord<\/a><\/p>\n","protected":false},"featured_media":1995,"template":"","meta":{"_et_pb_use_builder":"","_et_pb_old_content":"","_et_gb_content_width":"","spay_email":""},"_links":{"self":[{"href":"https:\/\/estonianmusic.com\/en\/wp-json\/wp\/v2\/product\/5099"}],"collection":[{"href":"https:\/\/estonianmusic.com\/en\/wp-json\/wp\/v2\/product"}],"about":[{"href":"https:\/\/estonianmusic.com\/en\/wp-json\/wp\/v2\/types\/product"}],"wp:featuredmedia":[{"embeddable":true,"href":"https:\/\/estonianmusic.com\/en\/wp-json\/wp\/v2\/media\/1995"}],"wp:attachment":[{"href":"https:\/\/estonianmusic.com\/en\/wp-json\/wp\/v2\/media?parent=5099"}],"curies":[{"name":"wp","href":"https:\/\/api.w.org\/{rel}","templated":true}]}}