
{"id":5098,"date":"2021-02-06T10:47:37","date_gmt":"2021-04-04T11:24:27","guid":{"rendered":"https:\/\/estonianmusic.com\/toode\/kogumik-ounake-nr-4\/"},"modified":"2021-04-04T11:24:28","modified_gmt":"2021-04-04T11:24:28","slug":"kogumik-ounake-nr-4","status":"publish","type":"product","link":"https:\/\/estonianmusic.com\/en\/toode\/kogumik-ounake-nr-4\/","title":{"rendered":"Kogumik &#8220;\u00d5unake&#8221; nr. 4"},"content":{"rendered":"","protected":false},"excerpt":{"rendered":"<p>&#8220;\u00d5unake&#8221; on koolieelset muusika\u00f5petust k\u00e4sitlev kogumik, mille eesm\u00e4rgiks on jagada \u00f5petajate kogemusi, vahendada head praktikat ja tutvustada uut repertuaari. Kogumik ilmub 1-2 korda aastas.<br \/>\nNeljanda kogumiku ligi 50 laulu ja m\u00e4ngu autorite hulgas on n\u00e4iteks K\u00fclli Erim\u00e4e, Riine Pajusaar, Krista Aavik, Hedi-Kai Pai, Kadi Sepp, Maria Wunderlich, Margrit Kits jt. Saatvaks teemaks laulude-m\u00e4ngude juures on seekord vahendid ja laste \u00fcritustega kaasnev ruumide kujundamine. Tutvustamist leiab Sirje Hiieti koostatud p\u00e4rimuspeo kava ning Sirje Koop&#8217;i loodud lauludega talvejutt. &#8220;Meie inimeste&#8221; rubriigis tutvustab ennast laulukirjutaja Anu R\u00f6\u00f6mel, rahvap\u00e4raseid jooni meie muusika\u00f5petuse ajaloos k\u00e4sitleb artiklis Kristi Kiilu.<\/p>\n<p>Koostaja Lana-Maria Peterson<br \/>\nFormaat A4, pehmed kaaned, 32 lk.<\/p>\n<p>&nbsp;<\/p>\n","protected":false},"featured_media":1998,"template":"","meta":{"_et_pb_use_builder":"","_et_pb_old_content":"","_et_gb_content_width":"","spay_email":""},"_links":{"self":[{"href":"https:\/\/estonianmusic.com\/en\/wp-json\/wp\/v2\/product\/5098"}],"collection":[{"href":"https:\/\/estonianmusic.com\/en\/wp-json\/wp\/v2\/product"}],"about":[{"href":"https:\/\/estonianmusic.com\/en\/wp-json\/wp\/v2\/types\/product"}],"wp:featuredmedia":[{"embeddable":true,"href":"https:\/\/estonianmusic.com\/en\/wp-json\/wp\/v2\/media\/1998"}],"wp:attachment":[{"href":"https:\/\/estonianmusic.com\/en\/wp-json\/wp\/v2\/media?parent=5098"}],"curies":[{"name":"wp","href":"https:\/\/api.w.org\/{rel}","templated":true}]}}