
{"id":5096,"date":"2021-02-06T10:49:10","date_gmt":"2021-04-04T11:24:17","guid":{"rendered":"https:\/\/estonianmusic.com\/toode\/kogumik-ounake-nr-6\/"},"modified":"2021-04-04T11:24:17","modified_gmt":"2021-04-04T11:24:17","slug":"kogumik-ounake-nr-6-2","status":"publish","type":"product","link":"https:\/\/estonianmusic.com\/en\/toode\/kogumik-ounake-nr-6-2\/","title":{"rendered":"Kogumik &#8220;\u00d5unake&#8221; nr. 6"},"content":{"rendered":"","protected":false},"excerpt":{"rendered":"<p>Selles kogumikus avaldavad oma loomingut esmakordselt Birgit V\u00e4rno, Aina Roos, Airika Vadi, Hilja Vinula, Ulrika Perelmann, Marika Rohtsaar ja Triin Jaago. Suurim valik laule on j\u00f5uludeks. J\u00e4tkame muusikalise liikumise \u00f5petamisv\u00f5imaluste anal\u00fc\u00fcsimist Eesti oma liikumiskool-konna &#8211; Idla &#8211; liikumise n\u00e4itel. Armastatud lektor Merike Nurk j\u00e4tkab ka seekord klassikalise muusika kuulamisideede jagamist. Koostaja Lana-Maria Peterson, formaat A4, pehmed kaaned, 32 lk.<\/p>\n<p>&nbsp;<\/p>\n","protected":false},"featured_media":2004,"template":"","meta":{"_et_pb_use_builder":"","_et_pb_old_content":"","_et_gb_content_width":"","spay_email":""},"_links":{"self":[{"href":"https:\/\/estonianmusic.com\/en\/wp-json\/wp\/v2\/product\/5096"}],"collection":[{"href":"https:\/\/estonianmusic.com\/en\/wp-json\/wp\/v2\/product"}],"about":[{"href":"https:\/\/estonianmusic.com\/en\/wp-json\/wp\/v2\/types\/product"}],"wp:featuredmedia":[{"embeddable":true,"href":"https:\/\/estonianmusic.com\/en\/wp-json\/wp\/v2\/media\/2004"}],"wp:attachment":[{"href":"https:\/\/estonianmusic.com\/en\/wp-json\/wp\/v2\/media?parent=5096"}],"curies":[{"name":"wp","href":"https:\/\/api.w.org\/{rel}","templated":true}]}}