
{"id":5095,"date":"2021-02-11T11:45:21","date_gmt":"2021-04-04T11:24:00","guid":{"rendered":"https:\/\/estonianmusic.com\/toode\/janku-istus-matta-peal\/"},"modified":"2025-01-01T00:00:09","modified_gmt":"2025-01-01T00:00:09","slug":"janku-istus-matta-peal-2","status":"publish","type":"product","link":"https:\/\/estonianmusic.com\/en\/toode\/janku-istus-matta-peal-2\/","title":{"rendered":"J\u00e4nku istus m\u00e4tta peal"},"content":{"rendered":"","protected":false},"excerpt":{"rendered":"<p>Soome laste- ja rahvalaulud<br \/>\nLaulikusari \u201cLaulud laiast ilmast\u201d on inspireeritud n\u00f5uka-ajal ilmunud muinasjutusarjast \u201cSaja rahva lood\u201d, mis jutustas eri rahvaste muinasjutte. Esimesena n\u00e4evad tr\u00fckivalgust soome ning prantsuse laste- ja rahvalaulud. Reis j\u00e4tkub saksa ja inglise lauludega. Kuhu see reis edasi viib? Eks ikka sinna, kuhu jalad viivad. Sarja \u00fchiseks nimetajaks on kaunid pildid. Fantaasiarohked pildid on joonistanud Paula Pajusaar. Teiseks siduvaks jooneks on iga lauliku alguses olev vastava rahva v\u00e4hemtuntud muinasjutt.<br \/>\n23 laulu, 28 lk, formaat A4<\/p>\n","protected":false},"featured_media":2452,"template":"","meta":{"_et_pb_use_builder":"","_et_pb_old_content":"","_et_gb_content_width":"","spay_email":""},"_links":{"self":[{"href":"https:\/\/estonianmusic.com\/en\/wp-json\/wp\/v2\/product\/5095"}],"collection":[{"href":"https:\/\/estonianmusic.com\/en\/wp-json\/wp\/v2\/product"}],"about":[{"href":"https:\/\/estonianmusic.com\/en\/wp-json\/wp\/v2\/types\/product"}],"wp:featuredmedia":[{"embeddable":true,"href":"https:\/\/estonianmusic.com\/en\/wp-json\/wp\/v2\/media\/2452"}],"wp:attachment":[{"href":"https:\/\/estonianmusic.com\/en\/wp-json\/wp\/v2\/media?parent=5095"}],"curies":[{"name":"wp","href":"https:\/\/api.w.org\/{rel}","templated":true}]}}