
{"id":5092,"date":"2021-02-11T15:35:45","date_gmt":"2021-04-04T11:23:12","guid":{"rendered":"https:\/\/estonianmusic.com\/toode\/palju-onne-sunnipaevaks-cd\/"},"modified":"2021-04-04T11:23:13","modified_gmt":"2021-04-04T11:23:13","slug":"palju-onne-sunnipaevaks-cd","status":"publish","type":"product","link":"https:\/\/estonianmusic.com\/en\/toode\/palju-onne-sunnipaevaks-cd\/","title":{"rendered":"Palju \u00f5nne s\u00fcnnip\u00e4evaks +cd"},"content":{"rendered":"","protected":false},"excerpt":{"rendered":"<p>Laulik \u201cPalju \u00f5nne s\u00fcnnip\u00e4evaks\u201d sisaldab s\u00fcdamlikke ja l\u00f5busaid lastelaule eelkooliealistele lastele ja algklasside \u00f5pilastele. Kogu lauliku laule kasutades saab toreda s\u00fcnnip\u00e4eva etenduse korraldada, \u00fcksikud laulud v\u00f5imaldavad ringm\u00e4nge teha, pille kasutada, m\u00e4nge korraldada.<br \/>\nLaulikus on 12 laulu ja lisas cd plaat sisselauldud lauludega, kus on ka 5 fonogrammi.<\/p>\n<p>Noodistas ja toimetas Anu L\u00f5hmus<br \/>\nIllustreeris Ronald Uus.<br \/>\nFormaat A5, 34 lk. +CD<\/p>\n<p><a href=\"https:\/\/estonianmusic.dev.unionfintech.com\/wp-content\/uploads\/2021\/02\/meero_synna_laulik_sisu.pdf\">Palju_onne_sisu<\/a><\/p>\n","protected":false},"featured_media":2526,"template":"","meta":{"_et_pb_use_builder":"","_et_pb_old_content":"","_et_gb_content_width":"","spay_email":""},"_links":{"self":[{"href":"https:\/\/estonianmusic.com\/en\/wp-json\/wp\/v2\/product\/5092"}],"collection":[{"href":"https:\/\/estonianmusic.com\/en\/wp-json\/wp\/v2\/product"}],"about":[{"href":"https:\/\/estonianmusic.com\/en\/wp-json\/wp\/v2\/types\/product"}],"wp:featuredmedia":[{"embeddable":true,"href":"https:\/\/estonianmusic.com\/en\/wp-json\/wp\/v2\/media\/2526"}],"wp:attachment":[{"href":"https:\/\/estonianmusic.com\/en\/wp-json\/wp\/v2\/media?parent=5092"}],"curies":[{"name":"wp","href":"https:\/\/api.w.org\/{rel}","templated":true}]}}