
{"id":5084,"date":"2021-02-11T14:19:30","date_gmt":"2021-04-04T11:20:32","guid":{"rendered":"https:\/\/estonianmusic.com\/toode\/joulueelne-saladus-cd\/"},"modified":"2021-04-04T11:20:32","modified_gmt":"2021-04-04T11:20:32","slug":"joulueelne-saladus-cd-3","status":"publish","type":"product","link":"https:\/\/estonianmusic.com\/en\/toode\/joulueelne-saladus-cd-3\/","title":{"rendered":"J\u00f5ulueelne saladus CD"},"content":{"rendered":"","protected":false},"excerpt":{"rendered":"<p>Plaadil k\u00f5lavad 15 uut j\u00f5ululaulu Meero laululaste esituses. Laulud valiti v\u00e4lja Tallinna J\u00f5uluturg 2007 raames toimunud uute lastelaulude konkursilt.<br \/>\nSaadaval ka laulik koos fonogrammidega!<\/p>\n<p><a href=\"https:\/\/estonianmusic.dev.unionfintech.com\/wp-content\/uploads\/2021\/02\/joulueelne-CD-sisu.pdf\">Joulueelne CD sisu<\/a><\/p>\n","protected":false},"featured_media":2514,"template":"","meta":{"_et_pb_use_builder":"","_et_pb_old_content":"","_et_gb_content_width":"","spay_email":""},"_links":{"self":[{"href":"https:\/\/estonianmusic.com\/en\/wp-json\/wp\/v2\/product\/5084"}],"collection":[{"href":"https:\/\/estonianmusic.com\/en\/wp-json\/wp\/v2\/product"}],"about":[{"href":"https:\/\/estonianmusic.com\/en\/wp-json\/wp\/v2\/types\/product"}],"wp:featuredmedia":[{"embeddable":true,"href":"https:\/\/estonianmusic.com\/en\/wp-json\/wp\/v2\/media\/2514"}],"wp:attachment":[{"href":"https:\/\/estonianmusic.com\/en\/wp-json\/wp\/v2\/media?parent=5084"}],"curies":[{"name":"wp","href":"https:\/\/api.w.org\/{rel}","templated":true}]}}