
{"id":5083,"date":"2021-02-11T15:41:12","date_gmt":"2021-04-04T11:20:20","guid":{"rendered":"https:\/\/estonianmusic.com\/toode\/liikuv-laul\/"},"modified":"2021-04-04T11:20:22","modified_gmt":"2021-04-04T11:20:22","slug":"liikuv-laul","status":"publish","type":"product","link":"https:\/\/estonianmusic.com\/en\/toode\/liikuv-laul\/","title":{"rendered":"Liikuv laul"},"content":{"rendered":"","protected":false},"excerpt":{"rendered":"<p>Autori laulud eesti ja prantsuse keeles koos fonogrammidega<br \/>\nEsitavad K\u00fclliki Levini Lauluaia lauljad ja s\u00f5brad<br \/>\nPlaadil on m\u00e4nginud muusikud: Villu Veski, Kalle Vilpuu, Marge Loik, Neeme Punder, Indrek Tetsmann, T\u00f5nis T\u00fc\u00fcr, Erki Sepp, Lilian Langsepp jpt.<br \/>\n15 laulu ja 7 fonogrammi<\/p>\n","protected":false},"featured_media":2531,"template":"","meta":{"_et_pb_use_builder":"","_et_pb_old_content":"","_et_gb_content_width":"","spay_email":""},"_links":{"self":[{"href":"https:\/\/estonianmusic.com\/en\/wp-json\/wp\/v2\/product\/5083"}],"collection":[{"href":"https:\/\/estonianmusic.com\/en\/wp-json\/wp\/v2\/product"}],"about":[{"href":"https:\/\/estonianmusic.com\/en\/wp-json\/wp\/v2\/types\/product"}],"wp:featuredmedia":[{"embeddable":true,"href":"https:\/\/estonianmusic.com\/en\/wp-json\/wp\/v2\/media\/2531"}],"wp:attachment":[{"href":"https:\/\/estonianmusic.com\/en\/wp-json\/wp\/v2\/media?parent=5083"}],"curies":[{"name":"wp","href":"https:\/\/api.w.org\/{rel}","templated":true}]}}