
{"id":5082,"date":"2021-02-11T16:13:08","date_gmt":"2021-04-04T11:20:08","guid":{"rendered":"https:\/\/estonianmusic.com\/toode\/mets-heliseb-ja-tantsib\/"},"modified":"2021-04-04T11:20:08","modified_gmt":"2021-04-04T11:20:08","slug":"mets-heliseb-ja-tantsib-2","status":"publish","type":"product","link":"https:\/\/estonianmusic.com\/en\/toode\/mets-heliseb-ja-tantsib-2\/","title":{"rendered":"Mets heliseb ja tantsib"},"content":{"rendered":"","protected":false},"excerpt":{"rendered":"<p>K\u00fclliki Levini autorilaulud ja fonogrammid<br \/>\nPlaadil kokku 17 lugu, n\u00e4it: \u201eMinul on h\u00e4\u00e4l\u201c, \u201eMetsade t\u00fctar\u201c, \u201eMurtud valgus\u201c, &#8220;Tantsiv maja\u201c, Mets heliseb ja tantsib\u201c, \u201e Rohelus\u201c, \u201eMina ka v\u00f5in saada arhitektiks\u201c, Uudiste kajakas jpt.<br \/>\nLaulustuudio K\u00fclliki Lauluaed on tegutsenud Tartus juba 21 aastat ja selle aja jooksul oleme v\u00e4lja andnud 8 plaati.<br \/>\nLapsi on laulma \u00f5petanud muusikapedagoog Roosi R\u00f5\u00f5musaare ja laulu\u00f5petaja K\u00fclliki Levin.<br \/>\nSalvestusi on tehtud alates 2016 a. ERR-i Uudistemajas ja Elmet Neumanni stuudios.<\/p>\n<p>&nbsp;<\/p>\n","protected":false},"featured_media":2535,"template":"","meta":{"_et_pb_use_builder":"","_et_pb_old_content":"","_et_gb_content_width":"","spay_email":""},"_links":{"self":[{"href":"https:\/\/estonianmusic.com\/en\/wp-json\/wp\/v2\/product\/5082"}],"collection":[{"href":"https:\/\/estonianmusic.com\/en\/wp-json\/wp\/v2\/product"}],"about":[{"href":"https:\/\/estonianmusic.com\/en\/wp-json\/wp\/v2\/types\/product"}],"wp:featuredmedia":[{"embeddable":true,"href":"https:\/\/estonianmusic.com\/en\/wp-json\/wp\/v2\/media\/2535"}],"wp:attachment":[{"href":"https:\/\/estonianmusic.com\/en\/wp-json\/wp\/v2\/media?parent=5082"}],"curies":[{"name":"wp","href":"https:\/\/api.w.org\/{rel}","templated":true}]}}