
{"id":5076,"date":"2021-02-16T16:43:04","date_gmt":"2021-04-04T11:18:38","guid":{"rendered":"https:\/\/estonianmusic.com\/toode\/lapse-tanu-eestile\/"},"modified":"2021-04-04T11:18:38","modified_gmt":"2021-04-04T11:18:38","slug":"lapse-tanu-eestile-cd-2","status":"publish","type":"product","link":"https:\/\/estonianmusic.com\/en\/toode\/lapse-tanu-eestile-cd-2\/","title":{"rendered":"Lapse t\u00e4nu Eestile"},"content":{"rendered":"","protected":false},"excerpt":{"rendered":"<p>Lastelaulud ja fonogrammid<br \/>\nNeli Tartu laulustuudiot &#8211; Musaklubi, Laulupesa, Fa-diees ja K\u00fclliki Lauluaed- on teinud koos lastega EV 100 aastap\u00e4eva auks Eestile kingituse, milleks on \u00fchine autoriloomingu CD &#8220;Lapse t\u00e4nu Eestile&#8221; ja samanimeline kontsert-etendus. CD &#8220;Lapse t\u00e4nu Eestile&#8221; h\u00f5lmab k\u00f5ikide laulustuudiote juhendajate loomingu paremiku. Laulude autorid on Pille Siht, Ingrid Otti, Airi Liiva, Kati-Roosi Siht, ja K\u00fclliki Levin<\/p>\n","protected":false},"featured_media":2764,"template":"","meta":{"_et_pb_use_builder":"","_et_pb_old_content":"","_et_gb_content_width":"","spay_email":""},"_links":{"self":[{"href":"https:\/\/estonianmusic.com\/en\/wp-json\/wp\/v2\/product\/5076"}],"collection":[{"href":"https:\/\/estonianmusic.com\/en\/wp-json\/wp\/v2\/product"}],"about":[{"href":"https:\/\/estonianmusic.com\/en\/wp-json\/wp\/v2\/types\/product"}],"wp:featuredmedia":[{"embeddable":true,"href":"https:\/\/estonianmusic.com\/en\/wp-json\/wp\/v2\/media\/2764"}],"wp:attachment":[{"href":"https:\/\/estonianmusic.com\/en\/wp-json\/wp\/v2\/media?parent=5076"}],"curies":[{"name":"wp","href":"https:\/\/api.w.org\/{rel}","templated":true}]}}