
{"id":5070,"date":"2021-03-03T14:45:07","date_gmt":"2021-04-04T11:17:02","guid":{"rendered":"https:\/\/estonianmusic.com\/toode\/linnulaulud-cd\/"},"modified":"2021-04-04T11:17:03","modified_gmt":"2021-04-04T11:17:03","slug":"linnulaulud-cd","status":"publish","type":"product","link":"https:\/\/estonianmusic.com\/en\/toode\/linnulaulud-cd\/","title":{"rendered":"Linnulaulud CD"},"content":{"rendered":"","protected":false},"excerpt":{"rendered":"<p>Plaadil laulavad nii lasteaia- kui koolilapsed,muusika on vaheldusrikas ja selle on sisse m\u00e4nginud professionaalsed muusikud. Vaheldumisi laste h\u00e4\u00e4ltega saab kuulata ka ehtsaid lindude h\u00e4\u00e4li.<br \/>\nLaulude autorid: Riine Pajusaar, Piret Laikre\/Marek Sadam, K\u00fclliki LEvin, Monika Pullerits, Meeli N\u00f5mme, Tiia Kaeramaa, Tuuli Jukk<br \/>\nLoodush\u00e4\u00e4led: Veljo Runnel, Fred J\u00fcssi<br \/>\nLaul: P\u00f5ltsamaa lasteaia MARI , P\u00f5ltsamaa \u00dchisg\u00fcmnaasiumi ja P\u00f5ltsamaa Kultuurikeskuse laululapsed<\/p>\n","protected":false},"featured_media":4049,"template":"","meta":{"_et_pb_use_builder":"","_et_pb_old_content":"","_et_gb_content_width":"","spay_email":""},"_links":{"self":[{"href":"https:\/\/estonianmusic.com\/en\/wp-json\/wp\/v2\/product\/5070"}],"collection":[{"href":"https:\/\/estonianmusic.com\/en\/wp-json\/wp\/v2\/product"}],"about":[{"href":"https:\/\/estonianmusic.com\/en\/wp-json\/wp\/v2\/types\/product"}],"wp:featuredmedia":[{"embeddable":true,"href":"https:\/\/estonianmusic.com\/en\/wp-json\/wp\/v2\/media\/4049"}],"wp:attachment":[{"href":"https:\/\/estonianmusic.com\/en\/wp-json\/wp\/v2\/media?parent=5070"}],"curies":[{"name":"wp","href":"https:\/\/api.w.org\/{rel}","templated":true}]}}