
{"id":5068,"date":"2021-01-23T21:45:46","date_gmt":"2021-04-04T11:12:51","guid":{"rendered":"https:\/\/estonianmusic.com\/toode\/set-of-16-instruments\/"},"modified":"2021-04-04T11:12:51","modified_gmt":"2021-04-04T11:12:51","slug":"rutmipillide-komplekt-16-pilli-2","status":"publish","type":"product","link":"https:\/\/estonianmusic.com\/en\/toode\/rutmipillide-komplekt-16-pilli-2\/","title":{"rendered":"Set of 16 instruments"},"content":{"rendered":"","protected":false},"excerpt":{"rendered":"<p>&nbsp;<\/p>\n<p style=\"font-weight: 400;\">Nahk, puu ja metall!<br \/>\nKomplekt sisaldab: paar v\u00e4ikeseid k\u00f5lapulki (akaatsia), paar suuri k\u00f5lapulki (roosipuu), tamburiin (15 cm), agoogo+pulk, ahvitrumm, triangel (15 cm), k\u00e4risti, <em>octa chime +<\/em>pulk, varrega kastanjett, paar s\u00f5rmekastanjette, metallist <em>kazoo,<\/em> paar randmekuljuseid<em>,<\/em> k\u00e4sikuljused (2 tk), palstikust munamarakad, 10 kl\u00f5psuga kuljust.<\/p>\n","protected":false},"featured_media":1257,"template":"","meta":{"_et_pb_use_builder":"","_et_pb_old_content":"","_et_gb_content_width":"","spay_email":""},"_links":{"self":[{"href":"https:\/\/estonianmusic.com\/en\/wp-json\/wp\/v2\/product\/5068"}],"collection":[{"href":"https:\/\/estonianmusic.com\/en\/wp-json\/wp\/v2\/product"}],"about":[{"href":"https:\/\/estonianmusic.com\/en\/wp-json\/wp\/v2\/types\/product"}],"wp:featuredmedia":[{"embeddable":true,"href":"https:\/\/estonianmusic.com\/en\/wp-json\/wp\/v2\/media\/1257"}],"wp:attachment":[{"href":"https:\/\/estonianmusic.com\/en\/wp-json\/wp\/v2\/media?parent=5068"}],"curies":[{"name":"wp","href":"https:\/\/api.w.org\/{rel}","templated":true}]}}