
{"id":5067,"date":"2021-01-23T21:47:44","date_gmt":"2021-04-04T11:12:23","guid":{"rendered":"https:\/\/estonianmusic.com\/toode\/set-of-42-instruments\/"},"modified":"2021-04-04T11:12:25","modified_gmt":"2021-04-04T11:12:25","slug":"rutmipillide-komplekt-42-pilli","status":"publish","type":"product","link":"https:\/\/estonianmusic.com\/en\/toode\/rutmipillide-komplekt-42-pilli\/","title":{"rendered":"Set of 42 instruments"},"content":{"rendered":"","protected":false},"excerpt":{"rendered":"<p>&nbsp;<\/p>\n<p>Komplekti kuulub: 2 paari munamarakaid, tan-tan (ahvitumm), diatoonilised k\u00f5latorud (8 tk), 2 paari k\u00f5lapulki (20 cm), 2 paari k\u00f5lapulki (18 cm), octa chime + pulk, trumm pulgaga (25 cm), trumm pulgaga (20 cm), tamburiin (15 cm), 2 metallist kazood, k\u00e4risti, litritega v\u00f5ru (20 cm), 2 s\u00f5rmekastanjetti, mini metallplaadid (8 diat), 1 k\u00e4sikastanjett varrega, triangel (13 cm), triangel (16 cm), triangel (19 cm), pulgaga kuljused, 2-tooniline block (roosipuu), 3-tooniline block (roosipuu), tuuletoru, kellam\u00e4ng, k\u00f5lakarp pulgaga (roosipuu), quiro-k\u00f5lakarp pulgaga, erinevad k\u00e4sikuljused, eksootiline quiro, derbouka (10 cm), paar munashakereid, plastmassist vilepill, puust v\u00e4ike sambavile, eksootiline vihmapill (50 cm) jne.<\/p>\n","protected":false},"featured_media":1260,"template":"","meta":{"_et_pb_use_builder":"","_et_pb_old_content":"","_et_gb_content_width":"","spay_email":""},"_links":{"self":[{"href":"https:\/\/estonianmusic.com\/en\/wp-json\/wp\/v2\/product\/5067"}],"collection":[{"href":"https:\/\/estonianmusic.com\/en\/wp-json\/wp\/v2\/product"}],"about":[{"href":"https:\/\/estonianmusic.com\/en\/wp-json\/wp\/v2\/types\/product"}],"wp:featuredmedia":[{"embeddable":true,"href":"https:\/\/estonianmusic.com\/en\/wp-json\/wp\/v2\/media\/1260"}],"wp:attachment":[{"href":"https:\/\/estonianmusic.com\/en\/wp-json\/wp\/v2\/media?parent=5067"}],"curies":[{"name":"wp","href":"https:\/\/api.w.org\/{rel}","templated":true}]}}