
{"id":5063,"date":"2021-01-29T14:39:57","date_gmt":"2021-04-04T11:10:35","guid":{"rendered":"https:\/\/estonianmusic.com\/toode\/set-percussion-classpack\/"},"modified":"2021-04-04T11:10:35","modified_gmt":"2021-04-04T11:10:35","slug":"percussion-classpack-2","status":"publish","type":"product","link":"https:\/\/estonianmusic.com\/en\/toode\/percussion-classpack-2\/","title":{"rendered":"Set &#8220;Percussion Classpack&#8221;"},"content":{"rendered":"","protected":false},"excerpt":{"rendered":"<p>R\u00fctmipillide komplekt kuni 30-le: agogo, k\u00f5lapulgad, kastanjetid, marakad, trianglid, cowbell, tamburiinid, taldrikud, k\u00f5laplaadid jt.<\/p>\n","protected":false},"featured_media":1379,"template":"","meta":{"_et_pb_use_builder":"","_et_pb_old_content":"","_et_gb_content_width":"","spay_email":""},"_links":{"self":[{"href":"https:\/\/estonianmusic.com\/en\/wp-json\/wp\/v2\/product\/5063"}],"collection":[{"href":"https:\/\/estonianmusic.com\/en\/wp-json\/wp\/v2\/product"}],"about":[{"href":"https:\/\/estonianmusic.com\/en\/wp-json\/wp\/v2\/types\/product"}],"wp:featuredmedia":[{"embeddable":true,"href":"https:\/\/estonianmusic.com\/en\/wp-json\/wp\/v2\/media\/1379"}],"wp:attachment":[{"href":"https:\/\/estonianmusic.com\/en\/wp-json\/wp\/v2\/media?parent=5063"}],"curies":[{"name":"wp","href":"https:\/\/api.w.org\/{rel}","templated":true}]}}