
{"id":5062,"date":"2021-01-29T14:47:10","date_gmt":"2021-04-04T11:10:07","guid":{"rendered":"https:\/\/estonianmusic.com\/toode\/set-rhytm-world\/"},"modified":"2021-04-04T11:10:07","modified_gmt":"2021-04-04T11:10:07","slug":"komplekt-rhytm-world-2","status":"publish","type":"product","link":"https:\/\/estonianmusic.com\/en\/toode\/komplekt-rhytm-world-2\/","title":{"rendered":"Set &#8220;Rhytm World&#8221;"},"content":{"rendered":"","protected":false},"excerpt":{"rendered":"<p>Komplektiga on kaasas 2 maailmakaarti, millel on n\u00e4idatud, kust on iga r\u00fctmipill p\u00e4rit ja kuidas m\u00e4ngida. Komplektis ahvitrumm, jalgpallik\u00f5risti, bambusest guiro, kyamba, tiibeti kellad, suur eksootiline shaker, v\u00e4ike eksootiline shaker, kookosest marakas,k\u00f5rvitsast marakad, Konn, Guinea seakujuline guiro\/shaker, savi okariin, bambusest slit drum, rainstick.<\/p>\n","protected":false},"featured_media":1383,"template":"","meta":{"_et_pb_use_builder":"","_et_pb_old_content":"","_et_gb_content_width":"","spay_email":""},"_links":{"self":[{"href":"https:\/\/estonianmusic.com\/en\/wp-json\/wp\/v2\/product\/5062"}],"collection":[{"href":"https:\/\/estonianmusic.com\/en\/wp-json\/wp\/v2\/product"}],"about":[{"href":"https:\/\/estonianmusic.com\/en\/wp-json\/wp\/v2\/types\/product"}],"wp:featuredmedia":[{"embeddable":true,"href":"https:\/\/estonianmusic.com\/en\/wp-json\/wp\/v2\/media\/1383"}],"wp:attachment":[{"href":"https:\/\/estonianmusic.com\/en\/wp-json\/wp\/v2\/media?parent=5062"}],"curies":[{"name":"wp","href":"https:\/\/api.w.org\/{rel}","templated":true}]}}