
{"id":5059,"date":"2021-04-02T16:04:34","date_gmt":"2021-04-04T11:07:39","guid":{"rendered":"https:\/\/estonianmusic.com\/toode\/solfedzo-diatoonika\/"},"modified":"2021-04-04T11:07:39","modified_gmt":"2021-04-04T11:07:39","slug":"solfedzo-diatoonika-2","status":"publish","type":"product","link":"https:\/\/estonianmusic.com\/en\/toode\/solfedzo-diatoonika-2\/","title":{"rendered":"Solfed\u017eo. Diatoonika"},"content":{"rendered":"","protected":false},"excerpt":{"rendered":"<p>Harjutuste kogu<br \/>\n<em>A4, 40 pages<br \/>\n<\/em><br \/>\nHarjutuskogu rajaneb funktsionaalsusel ja helistikutunnetusel klassikalises m\u00f5ttes, mis on keskastme aineprogrammide p\u00f5hialuseks. Ta sisaldab 208 diatoonilist harjutust, mis on metoodiliselt j\u00e4rjestatud vastavalt erinevatest h\u00fcpetest tulenevatele intonatsiooniprobleemidele. R\u00f5hku on pandud harjutuste musikaalsusele, kuna eesm\u00e4rgiks on ka esmase klassikalise loogikataju ja sellest tuleneva intuitsiooni arendamine.<br \/>\nAutor <strong>Aarne M\u00e4nnik<\/strong> on pikka aega t\u00f6\u00f6tanud pedagoogina Tallinna Otsa koolis ja kasutanud neid harjutusi juba m\u00f5ne aasta jooksul. Harjutuskogu sobib kasutamiseks k\u00f5igis meie keskastme muusika\u00f5petusega tegelevates \u00f5ppeasutustes, lastemuusikakoolide vanemates klassides ning samuti Eesti Muusikaakadeemias ja Pedagoogika\u00fclikoolis.<\/p>\n<p><a href=\"https:\/\/estonianmusic.dev.unionfintech.com\/wp-content\/uploads\/2021\/04\/Mannik-Solf-I_mannik.pdf\">Mannik Solfedzo<\/a><\/p>\n","protected":false},"featured_media":4933,"template":"","meta":{"_et_pb_use_builder":"","_et_pb_old_content":"","_et_gb_content_width":"","spay_email":""},"_links":{"self":[{"href":"https:\/\/estonianmusic.com\/en\/wp-json\/wp\/v2\/product\/5059"}],"collection":[{"href":"https:\/\/estonianmusic.com\/en\/wp-json\/wp\/v2\/product"}],"about":[{"href":"https:\/\/estonianmusic.com\/en\/wp-json\/wp\/v2\/types\/product"}],"wp:featuredmedia":[{"embeddable":true,"href":"https:\/\/estonianmusic.com\/en\/wp-json\/wp\/v2\/media\/4933"}],"wp:attachment":[{"href":"https:\/\/estonianmusic.com\/en\/wp-json\/wp\/v2\/media?parent=5059"}],"curies":[{"name":"wp","href":"https:\/\/api.w.org\/{rel}","templated":true}]}}