
{"id":5058,"date":"2021-03-03T15:49:25","date_gmt":"2021-04-04T11:06:15","guid":{"rendered":"https:\/\/estonianmusic.com\/toode\/lumivalgeke-muinasjutt-muusikal-cd\/"},"modified":"2021-04-04T11:06:15","modified_gmt":"2021-04-04T11:06:15","slug":"lumivalgeke-muinasjutt-muusikal-cd-2","status":"publish","type":"product","link":"https:\/\/estonianmusic.com\/en\/toode\/lumivalgeke-muinasjutt-muusikal-cd-2\/","title":{"rendered":"Lumivalgeke. Muinasjutt-muusikal (cd)"},"content":{"rendered":"","protected":false},"excerpt":{"rendered":"<p>Muinasjutt-muusikal \u201eLumivalgeke\u201c \u2013 vendade Grimmide muinasjutu j\u00e4rgi. Kuuldem\u00e4ng lauludega, pikkus 77 min. Muusika Janika Sillamaa, lavastaja Katre Jaani. Kaugel inimestest, mitme m\u00e4e ja metsa taga, elavad oma majakeses 7 p\u00f6ialpoissi: Professor, T\u00e4hetark, M\u00fchkam, H\u00e4davares, Argp\u00fcks, Kavalpea ja R\u00f5\u00f5murull \u2013 on nende nimed. \u00dchel p\u00e4eval leiavad nad aga eest ootamatu k\u00fclalise \u2013 imekauni printsess Lumivalgekese, kes palub kaitset kurja v\u00f5\u00f5rasema eest &#8230; Laulavad ja rolle m\u00e4ngivad: Hele K\u00f5re (Lumivalgeke), Mikk Saar (prints), Tanja Mihhailova (kuri kuninganna), Freddy Tomingas (kuningas), Virgo Jaani (n\u00f5unik-jutustaja) ja Janika Sillamaa (kuninganna-ema). P\u00f6ialpoisse ja muid rolle esitavad K.Sillamaa Muusikateatri \u00f5pilased. Laule saadab Live-b\u00e4nd.<\/p>\n","protected":false},"featured_media":4088,"template":"","meta":{"_et_pb_use_builder":"","_et_pb_old_content":"","_et_gb_content_width":"","spay_email":""},"_links":{"self":[{"href":"https:\/\/estonianmusic.com\/en\/wp-json\/wp\/v2\/product\/5058"}],"collection":[{"href":"https:\/\/estonianmusic.com\/en\/wp-json\/wp\/v2\/product"}],"about":[{"href":"https:\/\/estonianmusic.com\/en\/wp-json\/wp\/v2\/types\/product"}],"wp:featuredmedia":[{"embeddable":true,"href":"https:\/\/estonianmusic.com\/en\/wp-json\/wp\/v2\/media\/4088"}],"wp:attachment":[{"href":"https:\/\/estonianmusic.com\/en\/wp-json\/wp\/v2\/media?parent=5058"}],"curies":[{"name":"wp","href":"https:\/\/api.w.org\/{rel}","templated":true}]}}