
{"id":5047,"date":"2021-03-01T15:21:09","date_gmt":"2021-04-04T10:23:45","guid":{"rendered":"https:\/\/estonianmusic.com\/toode\/laulud-laulust-ja-laulikust-songs-about-the-song-and-singer-min-3\/"},"modified":"2021-08-25T14:10:52","modified_gmt":"2021-08-25T14:10:52","slug":"laulud-laulust-ja-laulikust-songs-of-singing-and-songster-min-3-2","status":"publish","type":"product","link":"https:\/\/estonianmusic.com\/en\/toode\/laulud-laulust-ja-laulikust-songs-of-singing-and-songster-min-3-2\/","title":{"rendered":"Laulud laulust ja laulikust. Songs About the Song and Songster (min 3)"},"content":{"rendered":"","protected":false},"excerpt":{"rendered":"<p>27 pages in estonian<br \/>\nCONTENT:<br \/>\n1. Laula, kuni elad \/ Sing Out so Long as You Shall Live<br \/>\n2. Lauliku lapsepoli \/ The Songster&#8217;s Childhood<br \/>\n3. Laulud t\u00f6\u00f6l \u00f6pitud \/ Songs Learned at Work<br \/>\n4. Kurb laulik \/ The Sad Songster<br \/>\n5. Uhtelaulmine \/ Singing Together<\/p>\n","protected":false},"featured_media":3938,"template":"","meta":{"_et_pb_use_builder":"","_et_pb_old_content":"","_et_gb_content_width":"","spay_email":""},"_links":{"self":[{"href":"https:\/\/estonianmusic.com\/en\/wp-json\/wp\/v2\/product\/5047"}],"collection":[{"href":"https:\/\/estonianmusic.com\/en\/wp-json\/wp\/v2\/product"}],"about":[{"href":"https:\/\/estonianmusic.com\/en\/wp-json\/wp\/v2\/types\/product"}],"wp:featuredmedia":[{"embeddable":true,"href":"https:\/\/estonianmusic.com\/en\/wp-json\/wp\/v2\/media\/3938"}],"wp:attachment":[{"href":"https:\/\/estonianmusic.com\/en\/wp-json\/wp\/v2\/media?parent=5047"}],"curies":[{"name":"wp","href":"https:\/\/api.w.org\/{rel}","templated":true}]}}