
{"id":5010,"date":"2021-02-17T19:50:31","date_gmt":"2021-04-03T16:34:45","guid":{"rendered":"https:\/\/estonianmusic.com\/toode\/five-estonan-folk-tunes-suite-for-orchestra\/"},"modified":"2021-04-03T16:34:45","modified_gmt":"2021-04-03T16:34:45","slug":"viis-eesti-rahvaviisi-sumfooniaorkestile-2","status":"publish","type":"product","link":"https:\/\/estonianmusic.com\/en\/toode\/viis-eesti-rahvaviisi-sumfooniaorkestile-2\/","title":{"rendered":"Five Estonan Folk Tunes. Suite for orchestra"},"content":{"rendered":"","protected":false},"excerpt":{"rendered":"<p>full score for symphonic orchestra<br \/>\n1. \u00d5htulaul 2. Meie err 3. Meil aia\u00e4\u00e4rne t\u00e4navas 4. L\u00f5ikuselaul 5. Kaanon<\/p>\n<p>All parts available as hire material<br \/>\nOrchestra:<br \/>\n2-2-2-2+Fl.picc. &#8211; 4-2-3-1 &#8211; Timp., archi<\/p>\n<p><a href=\"https:\/\/estonianmusic.dev.unionfintech.com\/wp-content\/uploads\/2021\/02\/2419-Kreek_Viis_rhv.pdf\">2419 Kreek_Viis_rhv<\/a><\/p>\n","protected":false},"featured_media":2714,"template":"","meta":{"_et_pb_use_builder":"","_et_pb_old_content":"","_et_gb_content_width":"","spay_email":""},"_links":{"self":[{"href":"https:\/\/estonianmusic.com\/en\/wp-json\/wp\/v2\/product\/5010"}],"collection":[{"href":"https:\/\/estonianmusic.com\/en\/wp-json\/wp\/v2\/product"}],"about":[{"href":"https:\/\/estonianmusic.com\/en\/wp-json\/wp\/v2\/types\/product"}],"wp:featuredmedia":[{"embeddable":true,"href":"https:\/\/estonianmusic.com\/en\/wp-json\/wp\/v2\/media\/2714"}],"wp:attachment":[{"href":"https:\/\/estonianmusic.com\/en\/wp-json\/wp\/v2\/media?parent=5010"}],"curies":[{"name":"wp","href":"https:\/\/api.w.org\/{rel}","templated":true}]}}