
{"id":5005,"date":"2021-02-17T22:23:02","date_gmt":"2021-04-03T16:28:54","guid":{"rendered":"https:\/\/estonianmusic.com\/toode\/six-estonian-folk-tunes\/"},"modified":"2021-04-03T16:28:54","modified_gmt":"2021-04-03T16:28:54","slug":"kuus-eesti-rahvaviisi-2","status":"publish","type":"product","link":"https:\/\/estonianmusic.com\/en\/toode\/kuus-eesti-rahvaviisi-2\/","title":{"rendered":"Six Estonian Folk Tunes"},"content":{"rendered":"","protected":false},"excerpt":{"rendered":"<p>&nbsp;<\/p>\n<p>full score for symphonic orchestra, 68 pages<br \/>\n1. Vaimulik rahvaviis 2. Linnukest s\u00e4\u00e4l kinni p\u00fc\u00fcti 3. Mitu halba ilma p\u00e4\u00e4l 4. \u00c4pardunud kosjad 5. Serenaad 6. &#8220;Raabiku&#8221; Ringtantsu laul<\/p>\n<p>All parts available as hire material<br \/>\nOrchestra:<br \/>\n2-2-2-2 &#8211; &#8211; 4-2-3-1 &#8211; &#8211; timp., archi<\/p>\n<p><a href=\"https:\/\/estonianmusic.dev.unionfintech.com\/wp-content\/uploads\/2021\/02\/2412-Kuus_eesti.pdf\">2412 Kuus_eesti<\/a><\/p>\n<p>&nbsp;<\/p>\n<p>&nbsp;<\/p>\n","protected":false},"featured_media":2714,"template":"","meta":{"_et_pb_use_builder":"","_et_pb_old_content":"","_et_gb_content_width":"","spay_email":""},"_links":{"self":[{"href":"https:\/\/estonianmusic.com\/en\/wp-json\/wp\/v2\/product\/5005"}],"collection":[{"href":"https:\/\/estonianmusic.com\/en\/wp-json\/wp\/v2\/product"}],"about":[{"href":"https:\/\/estonianmusic.com\/en\/wp-json\/wp\/v2\/types\/product"}],"wp:featuredmedia":[{"embeddable":true,"href":"https:\/\/estonianmusic.com\/en\/wp-json\/wp\/v2\/media\/2714"}],"wp:attachment":[{"href":"https:\/\/estonianmusic.com\/en\/wp-json\/wp\/v2\/media?parent=5005"}],"curies":[{"name":"wp","href":"https:\/\/api.w.org\/{rel}","templated":true}]}}