
{"id":487,"date":"2020-10-22T07:25:37","date_gmt":"2020-10-26T10:40:59","guid":{"rendered":"https:\/\/estonianmusic.com\/product\/pimedus-keldris\/"},"modified":"2021-03-18T14:47:27","modified_gmt":"2021-03-18T14:47:27","slug":"pimedus-keldris","status":"publish","type":"product","link":"https:\/\/estonianmusic.com\/en\/toode\/pimedus-keldris\/","title":{"rendered":"Pimedus keldris"},"content":{"rendered":"<p>The collection &#8220;Pimedus keldris&#8221; by the young composer Matis Leima (b. 1992) is an overview of his previous piano work, which was born mostly during his school studies. Although the pieces date back to a ten-year period when the author was constantly associated with some educational institution from basic school to university, the inspiration for their creation has always come from life itself &#8211; various things, places and people. The impetus for compiling the collection provided an opportunity to offer piano players of different ages and different experiences a fresh and unique repertoire. The collection begins with more entertaining ensemble songs, and the two songs separate the newer and somewhat more conceptual songs. The choice is varied: it is affordable for professional pianists, hobbyists, students and teachers. The last pages provide instructions for downloading a digital disc.<br \/>\nYou can listen to the stories here: https:\/\/matisleima.bandcamp.com\/album\/pimedus-keldris<br \/>\n12 pieces for piano and piano ensemble, 2 songs Total 56 pages.<\/p>\n<p>CONTENT:<br \/>\nPimedus keldris<br \/>\nSinine, sinine, sinepine, must<br \/>\nYo-to, yo-to<br \/>\nKolm k\u00fclalist l\u00f5unamerest<br \/>\nVanaemale<br \/>\ncafe Noir<br \/>\nEt\u00fc\u00fcd T\u00e4hesadu<br \/>\nEt\u00fc\u00fcd T\u00e4hesadu<br \/>\nUndone MIDI<br \/>\nSonatiin 1 \/ II<br \/>\nL &#8216;eau<br \/>\nVihmane Tartu<br \/>\nLugude lood<br \/>\nSalvestatud lugude kuulamine<\/p>\n","protected":false},"excerpt":{"rendered":"<p>Klaverimuusika + digitaalne cd<\/p>\n<p><a href=\"http:\/\/www.estonianmusic.com\/index.php?page=2\">SP Muusika<\/a> ML01<\/p>\n<p>Date of publication: 2017<\/p>\n","protected":false},"featured_media":488,"template":"","meta":{"_et_pb_use_builder":"","_et_pb_old_content":"","_et_gb_content_width":"","spay_email":""},"_links":{"self":[{"href":"https:\/\/estonianmusic.com\/en\/wp-json\/wp\/v2\/product\/487"}],"collection":[{"href":"https:\/\/estonianmusic.com\/en\/wp-json\/wp\/v2\/product"}],"about":[{"href":"https:\/\/estonianmusic.com\/en\/wp-json\/wp\/v2\/types\/product"}],"wp:featuredmedia":[{"embeddable":true,"href":"https:\/\/estonianmusic.com\/en\/wp-json\/wp\/v2\/media\/488"}],"wp:attachment":[{"href":"https:\/\/estonianmusic.com\/en\/wp-json\/wp\/v2\/media?parent=487"}],"curies":[{"name":"wp","href":"https:\/\/api.w.org\/{rel}","templated":true}]}}