
{"id":4665,"date":"2021-02-04T16:43:13","date_gmt":"2021-03-25T18:20:20","guid":{"rendered":"https:\/\/estonianmusic.com\/toode\/tunnete-keeles-songbook-cd\/"},"modified":"2021-03-25T18:20:20","modified_gmt":"2021-03-25T18:20:20","slug":"tunnete-keeles-heini-vaikmaa-noodiraamat-cd-2","status":"publish","type":"product","link":"https:\/\/estonianmusic.com\/en\/toode\/tunnete-keeles-heini-vaikmaa-noodiraamat-cd-2\/","title":{"rendered":"Tunnete keeles \/ Songbook +cd"},"content":{"rendered":"","protected":false},"excerpt":{"rendered":"<p>Songbook of guitarist and composer Heini Vaikmaa (*1958) with his best songs like &#8220;M\u00e4gede h\u00e4\u00e4l&#8221;, &#8220;Tunnete keel&#8221;, &#8220;Lootus&#8221; etc &#8211; including a cd with 15 playbacks<br \/>\n56 pages Size A4, melody and chords<br \/>\nDesign by Kertu Elfenbein, music engraving by Karel V\u00e4hi and Sven Peterson, playbacks by Heini Vaikmaa<\/p>\n","protected":false},"featured_media":1828,"template":"","meta":{"_et_pb_use_builder":"","_et_pb_old_content":"","_et_gb_content_width":"","spay_email":""},"_links":{"self":[{"href":"https:\/\/estonianmusic.com\/en\/wp-json\/wp\/v2\/product\/4665"}],"collection":[{"href":"https:\/\/estonianmusic.com\/en\/wp-json\/wp\/v2\/product"}],"about":[{"href":"https:\/\/estonianmusic.com\/en\/wp-json\/wp\/v2\/types\/product"}],"wp:featuredmedia":[{"embeddable":true,"href":"https:\/\/estonianmusic.com\/en\/wp-json\/wp\/v2\/media\/1828"}],"wp:attachment":[{"href":"https:\/\/estonianmusic.com\/en\/wp-json\/wp\/v2\/media?parent=4665"}],"curies":[{"name":"wp","href":"https:\/\/api.w.org\/{rel}","templated":true}]}}