
{"id":4664,"date":"2021-02-05T13:43:50","date_gmt":"2021-03-25T18:11:23","guid":{"rendered":"https:\/\/estonianmusic.com\/toode\/las-jaada-ukski-mets-songbook-melody-with-lyrics-and-chords\/"},"modified":"2021-03-25T18:21:37","modified_gmt":"2021-03-25T18:21:37","slug":"las-jaada-ukski-mets-noodiraamat","status":"publish","type":"product","link":"https:\/\/estonianmusic.com\/en\/toode\/las-jaada-ukski-mets-noodiraamat\/","title":{"rendered":"Las j\u00e4\u00e4da \u00fckski mets \/ Songbook"},"content":{"rendered":"","protected":false},"excerpt":{"rendered":"<p>Andres Valkonenist (s.1951) is wellknow estonian pop-composer Songs like &#8220;Leib jahtub&#8221;, &#8220;Moonika&#8221;, &#8220;Las j\u00e4\u00e4da \u00fckski mets&#8221; are the bestknown He is playd in such groups like &#8220;Keldriline Heli&#8221; and &#8220;V\u00e4ntorel&#8221; His songs are important part of the estonian popmusic &#8211;<br \/>\n74 songs, melody with chords and lyrics<br \/>\n160 pages, A4<\/p>\n","protected":false},"featured_media":1849,"template":"","meta":{"_et_pb_use_builder":"","_et_pb_old_content":"","_et_gb_content_width":"","spay_email":""},"_links":{"self":[{"href":"https:\/\/estonianmusic.com\/en\/wp-json\/wp\/v2\/product\/4664"}],"collection":[{"href":"https:\/\/estonianmusic.com\/en\/wp-json\/wp\/v2\/product"}],"about":[{"href":"https:\/\/estonianmusic.com\/en\/wp-json\/wp\/v2\/types\/product"}],"wp:featuredmedia":[{"embeddable":true,"href":"https:\/\/estonianmusic.com\/en\/wp-json\/wp\/v2\/media\/1849"}],"wp:attachment":[{"href":"https:\/\/estonianmusic.com\/en\/wp-json\/wp\/v2\/media?parent=4664"}],"curies":[{"name":"wp","href":"https:\/\/api.w.org\/{rel}","templated":true}]}}