
{"id":4663,"date":"2021-02-22T20:40:19","date_gmt":"2021-03-25T15:31:48","guid":{"rendered":"https:\/\/estonianmusic.com\/toode\/luiged-laevad\/"},"modified":"2021-04-04T17:41:08","modified_gmt":"2021-04-04T17:41:08","slug":"luiged-laevad","status":"publish","type":"product","link":"https:\/\/estonianmusic.com\/en\/toode\/luiged-laevad\/","title":{"rendered":"Luiged l\u00e4evad. Kammerh\u00e4\u00e4led"},"content":{"rendered":"","protected":false},"excerpt":{"rendered":"<p>Girlschoir &#8220;Kammerh\u00e4\u00e4led&#8221; sing the works by P\u00e4rt Uusberg<\/p>\n","protected":false},"featured_media":3267,"template":"","meta":{"_et_pb_use_builder":"","_et_pb_old_content":"","_et_gb_content_width":"","spay_email":""},"_links":{"self":[{"href":"https:\/\/estonianmusic.com\/en\/wp-json\/wp\/v2\/product\/4663"}],"collection":[{"href":"https:\/\/estonianmusic.com\/en\/wp-json\/wp\/v2\/product"}],"about":[{"href":"https:\/\/estonianmusic.com\/en\/wp-json\/wp\/v2\/types\/product"}],"wp:featuredmedia":[{"embeddable":true,"href":"https:\/\/estonianmusic.com\/en\/wp-json\/wp\/v2\/media\/3267"}],"wp:attachment":[{"href":"https:\/\/estonianmusic.com\/en\/wp-json\/wp\/v2\/media?parent=4663"}],"curies":[{"name":"wp","href":"https:\/\/api.w.org\/{rel}","templated":true}]}}