
{"id":4645,"date":"2021-03-10T11:28:59","date_gmt":"2021-03-25T15:01:28","guid":{"rendered":"https:\/\/estonianmusic.com\/toode\/vainamoise-tarkussonad-vainamoinens-words-of-wisdom-min-3\/"},"modified":"2021-08-30T16:05:52","modified_gmt":"2021-08-30T16:05:52","slug":"vainamoise-tarkussonad-min-3-2","status":"publish","type":"product","link":"https:\/\/estonianmusic.com\/en\/toode\/vainamoise-tarkussonad-min-3-2\/","title":{"rendered":"V\u00e4inam\u00f6ise tarkuss\u00f5nad \/ V\u00e4inam\u00f6inen&#8217;s Words of Wisdom (min 3)"},"content":{"rendered":"","protected":false},"excerpt":{"rendered":"<p>for male choir with piano<br \/>\nestonian text by August Annisti and Ruth Mirov<br \/>\ntext in estonian and latin (Tuomo Pekkanen)<br \/>\n8 pages, A4<\/p>\n","protected":false},"featured_media":3128,"template":"","meta":{"_et_pb_use_builder":"","_et_pb_old_content":"","_et_gb_content_width":"","spay_email":""},"_links":{"self":[{"href":"https:\/\/estonianmusic.com\/en\/wp-json\/wp\/v2\/product\/4645"}],"collection":[{"href":"https:\/\/estonianmusic.com\/en\/wp-json\/wp\/v2\/product"}],"about":[{"href":"https:\/\/estonianmusic.com\/en\/wp-json\/wp\/v2\/types\/product"}],"wp:featuredmedia":[{"embeddable":true,"href":"https:\/\/estonianmusic.com\/en\/wp-json\/wp\/v2\/media\/3128"}],"wp:attachment":[{"href":"https:\/\/estonianmusic.com\/en\/wp-json\/wp\/v2\/media?parent=4645"}],"curies":[{"name":"wp","href":"https:\/\/api.w.org\/{rel}","templated":true}]}}