
{"id":4618,"date":"2021-03-02T20:03:47","date_gmt":"2021-03-25T13:51:14","guid":{"rendered":"https:\/\/estonianmusic.com\/toode\/suomalais-ugrilaisia-maisemia-finno-ugric-landscapes-min-3\/"},"modified":"2021-03-25T13:51:14","modified_gmt":"2021-03-25T13:51:14","slug":"suomalais-ugrilaisia-maisemia-fenno-ugric-landscapes-min-3-2","status":"publish","type":"product","link":"https:\/\/estonianmusic.com\/en\/toode\/suomalais-ugrilaisia-maisemia-fenno-ugric-landscapes-min-3-2\/","title":{"rendered":"Suomalais-Ugrilaisia maisemia \/ Finno-ugric Landscapes (min 3)"},"content":{"rendered":"","protected":false},"excerpt":{"rendered":"<p>15 fenno-ugric folktunes<br \/>\nFinnish text by Sinikka Pohjola<br \/>\n40 pages, A4<\/p>\n<p>Content:<br \/>\n1. Mets\u00e4styslaulu (mansilainen)<br \/>\n2. Kukkulalla lauletaan (hantilainen)<br \/>\n3. Mylly jauhaa Tonavalla (unkarilainen)<br \/>\n4. Joen rannalla (udmurttilainen)<br \/>\n5. J\u00e4rven rannalla (komilainen)<br \/>\n6. Kotiseutu (mordvalainen)<br \/>\n7. Virta vierii (marilainen)<br \/>\n8. Tunturin rinteill\u00e4 (saamelainen)<br \/>\n9. Veps\u00e4n poluilla (veps\u00e4l\u00e4inen)<br \/>\n10. Eepoksen alku (inkeroinen)<br \/>\n11. Tammipuu (vatjalainen)<br \/>\n12. Paimenessa (karjalainen)<br \/>\n13. Ankarat on aallot (suomalainen)<br \/>\n14. Meren rannalla (liivil\u00e4inen)<br \/>\n15. Maailman synty (virolainen)<\/p>\n<p>&nbsp;<\/p>\n<p>&nbsp;<\/p>\n","protected":false},"featured_media":3737,"template":"","meta":{"_et_pb_use_builder":"","_et_pb_old_content":"","_et_gb_content_width":"","spay_email":""},"_links":{"self":[{"href":"https:\/\/estonianmusic.com\/en\/wp-json\/wp\/v2\/product\/4618"}],"collection":[{"href":"https:\/\/estonianmusic.com\/en\/wp-json\/wp\/v2\/product"}],"about":[{"href":"https:\/\/estonianmusic.com\/en\/wp-json\/wp\/v2\/types\/product"}],"wp:featuredmedia":[{"embeddable":true,"href":"https:\/\/estonianmusic.com\/en\/wp-json\/wp\/v2\/media\/3737"}],"wp:attachment":[{"href":"https:\/\/estonianmusic.com\/en\/wp-json\/wp\/v2\/media?parent=4618"}],"curies":[{"name":"wp","href":"https:\/\/api.w.org\/{rel}","templated":true}]}}