
{"id":4445,"date":"2021-02-25T13:15:46","date_gmt":"2021-03-21T18:41:49","guid":{"rendered":"https:\/\/estonianmusic.com\/toode\/see-on-eesti-this-is-estonia-choral-works\/"},"modified":"2021-03-21T18:41:49","modified_gmt":"2021-03-21T18:41:49","slug":"see-on-eesti-koorilaule-segakoorile-2","status":"publish","type":"product","link":"https:\/\/estonianmusic.com\/en\/toode\/see-on-eesti-koorilaule-segakoorile-2\/","title":{"rendered":"See on Eesti This is Estonia Choral works"},"content":{"rendered":"","protected":false},"excerpt":{"rendered":"<p>Best choral compositions by Anti Marguste<br \/>\n<em>In estonian<br \/>\nA4, 52 pages<\/em><\/p>\n<p><strong>CONTENT:<\/strong><br \/>\n1. See on Eesti<br \/>\n2. See on Saaremaa<br \/>\n3. Peiuks sulle<br \/>\n4. Isamaa, mu hellakene<br \/>\n5. Kus mu kodu<br \/>\n6. Jaanip\u00e4evalaul<br \/>\n7. Pesamaa<br \/>\n8. Viljalaps<br \/>\n9. Lapi laul<br \/>\n10. Rahvas kord sai laulule<br \/>\n11. Mis helin<br \/>\n12. R\u00f5\u00f5mum\u00e4el<br \/>\n13. Teele! Teele!<br \/>\n14. Kaunim k\u00f5igest<br \/>\n15. Dona nobis pacem<\/p>\n<p>&#8211; <a href=\"mailto:%20info@spmuusika.ee\">&#8211;<\/a><br \/>\nAll titles are available separately. <a href=\"mailto:%20info@spmuusika.ee\">Send a request!<\/a><\/p>\n<p><a href=\"https:\/\/estonianmusic.dev.unionfintech.com\/wp-content\/uploads\/2021\/02\/2505-Marguste-See-on-Eesti.pdf\">2505 Marguste See on Eesti<\/a><br \/>\n<a href=\"https:\/\/estonianmusic.dev.unionfintech.com\/wp-content\/uploads\/2021\/02\/2505-Marguste_ENG_translations.pdf\">2505 Marguste_ENG_translations<\/a><\/p>\n<p>&nbsp;<\/p>\n<p>&nbsp;<\/p>\n<p>&nbsp;<\/p>\n","protected":false},"featured_media":2619,"template":"","meta":{"_et_pb_use_builder":"","_et_pb_old_content":"","_et_gb_content_width":"","spay_email":""},"_links":{"self":[{"href":"https:\/\/estonianmusic.com\/en\/wp-json\/wp\/v2\/product\/4445"}],"collection":[{"href":"https:\/\/estonianmusic.com\/en\/wp-json\/wp\/v2\/product"}],"about":[{"href":"https:\/\/estonianmusic.com\/en\/wp-json\/wp\/v2\/types\/product"}],"wp:featuredmedia":[{"embeddable":true,"href":"https:\/\/estonianmusic.com\/en\/wp-json\/wp\/v2\/media\/2619"}],"wp:attachment":[{"href":"https:\/\/estonianmusic.com\/en\/wp-json\/wp\/v2\/media?parent=4445"}],"curies":[{"name":"wp","href":"https:\/\/api.w.org\/{rel}","templated":true}]}}