
{"id":4443,"date":"2021-02-26T16:31:49","date_gmt":"2021-03-21T18:38:06","guid":{"rendered":"https:\/\/estonianmusic.com\/toode\/10-songs-for-mixed-choir\/"},"modified":"2025-06-03T07:54:22","modified_gmt":"2025-06-03T07:54:22","slug":"kumme-laulu-segakoorile-10-songs-for-mixed-choir","status":"publish","type":"product","link":"https:\/\/estonianmusic.com\/en\/toode\/kumme-laulu-segakoorile-10-songs-for-mixed-choir\/","title":{"rendered":"10 songs for mixed choir"},"content":{"rendered":"","protected":false},"excerpt":{"rendered":"<p>In estonian, 36 pages, A4<\/p>\n<p>Contents:<br \/>\n1. Lindude laul<br \/>\n2. Allik<br \/>\n3. P\u00f5hjavaim<br \/>\n4. Miks sa nutad, tammekene?<br \/>\n5. K\u00f5ver kuuseke<br \/>\n6. Sii om leelo liinast tuudu<br \/>\n7. Seitse sammeldunud s\u00e4ngi<br \/>\n8. Mets kohiseb<br \/>\n9. Linakatkuja<br \/>\n10. Lats\u00f5 h\u00e4ll\u00fctamise laul<\/p>\n<p>&#8211;<br \/>\n<em>All titles are separately available. <\/em><\/p>\n<p><a href=\"https:\/\/estonianmusic.com\/wp-content\/uploads\/2021\/02\/21236-Saar-1.pdf\">21236 Samples<\/a><\/p>\n","protected":false},"featured_media":3431,"template":"","meta":{"_et_pb_use_builder":"","_et_pb_old_content":"","_et_gb_content_width":"","spay_email":""},"_links":{"self":[{"href":"https:\/\/estonianmusic.com\/en\/wp-json\/wp\/v2\/product\/4443"}],"collection":[{"href":"https:\/\/estonianmusic.com\/en\/wp-json\/wp\/v2\/product"}],"about":[{"href":"https:\/\/estonianmusic.com\/en\/wp-json\/wp\/v2\/types\/product"}],"wp:featuredmedia":[{"embeddable":true,"href":"https:\/\/estonianmusic.com\/en\/wp-json\/wp\/v2\/media\/3431"}],"wp:attachment":[{"href":"https:\/\/estonianmusic.com\/en\/wp-json\/wp\/v2\/media?parent=4443"}],"curies":[{"name":"wp","href":"https:\/\/api.w.org\/{rel}","templated":true}]}}