
{"id":4436,"date":"2021-03-01T12:10:23","date_gmt":"2021-03-21T18:15:19","guid":{"rendered":"https:\/\/estonianmusic.com\/toode\/hakkame-mehed-minema-tasta-me-miehet-lahemme-min-20\/"},"modified":"2021-08-30T16:13:34","modified_gmt":"2021-08-30T16:13:34","slug":"hakkame-mehed-minema-min-10-2","status":"publish","type":"product","link":"https:\/\/estonianmusic.com\/en\/toode\/hakkame-mehed-minema-min-10-2\/","title":{"rendered":"Hakkame mehed, minema \/ T\u00e4st\u00e4 me miehet l\u00e4hemme (min 20)"},"content":{"rendered":"","protected":false},"excerpt":{"rendered":"<p>2 pages, A5<\/p>\n","protected":false},"featured_media":3898,"template":"","meta":{"_et_pb_use_builder":"","_et_pb_old_content":"","_et_gb_content_width":"","spay_email":""},"_links":{"self":[{"href":"https:\/\/estonianmusic.com\/en\/wp-json\/wp\/v2\/product\/4436"}],"collection":[{"href":"https:\/\/estonianmusic.com\/en\/wp-json\/wp\/v2\/product"}],"about":[{"href":"https:\/\/estonianmusic.com\/en\/wp-json\/wp\/v2\/types\/product"}],"wp:featuredmedia":[{"embeddable":true,"href":"https:\/\/estonianmusic.com\/en\/wp-json\/wp\/v2\/media\/3898"}],"wp:attachment":[{"href":"https:\/\/estonianmusic.com\/en\/wp-json\/wp\/v2\/media?parent=4436"}],"curies":[{"name":"wp","href":"https:\/\/api.w.org\/{rel}","templated":true}]}}